{"id":103,"date":"2022-01-10T17:20:44","date_gmt":"2022-01-10T16:20:44","guid":{"rendered":"https:\/\/framiral.fr\/web\/?page_id=103"},"modified":"2025-10-20T11:03:43","modified_gmt":"2025-10-20T09:03:43","slug":"logiciel-framiopt","status":"publish","type":"page","link":"https:\/\/framiral.fr\/web\/logiciel-framiopt\/","title":{"rendered":"FramiOpt"},"content":{"rendered":"\t\t<div data-elementor-type=\"wp-page\" data-elementor-id=\"103\" class=\"elementor elementor-103\">\n\t\t\t\t\t\t<section class=\"elementor-section elementor-top-section elementor-element elementor-element-92e36f4 elementor-section-boxed ang-section-padding-initial elementor-section-height-default elementor-section-height-default elementor-repeater-item-none elementor-repeater-item-none_hover jltma-glass-effect-no\" data-id=\"92e36f4\" data-element_type=\"section\" data-e-type=\"section\" data-settings=\"{&quot;background_background&quot;:&quot;classic&quot;}\">\n\t\t\t\t\t\t<div class=\"elementor-container elementor-column-gap-default\">\n\t\t\t\t\t<div class=\"elementor-column elementor-col-100 elementor-top-column elementor-element elementor-element-dc8f7af elementor-repeater-item-none elementor-repeater-item-none_hover jltma-glass-effect-no\" data-id=\"dc8f7af\" data-element_type=\"column\" data-e-type=\"column\">\n\t\t\t<div class=\"elementor-widget-wrap elementor-element-populated\">\n\t\t\t\t\t\t<div class=\"elementor-element elementor-element-f9e2bcc elementor-hidden-mobile jltma-glass-effect-no elementor-repeater-item-none elementor-repeater-item-none_hover elementor-invisible elementor-widget elementor-widget-text-editor\" data-id=\"f9e2bcc\" data-element_type=\"widget\" data-e-type=\"widget\" data-settings=\"{&quot;_animation&quot;:&quot;fadeInLeft&quot;}\" data-widget_type=\"text-editor.default\">\n\t\t\t\t<div class=\"elementor-widget-container\">\n\t\t\t\t\t\t\t\t\t<p style=\"text-align: center;\">Logiciel<\/p>\t\t\t\t\t\t\t\t<\/div>\n\t\t\t\t<\/div>\n\t\t\t\t<div class=\"elementor-element elementor-element-5498a14 jltma-glass-effect-no elementor-repeater-item-none elementor-repeater-item-none_hover elementor-invisible elementor-widget elementor-widget-text-editor\" data-id=\"5498a14\" data-element_type=\"widget\" data-e-type=\"widget\" data-settings=\"{&quot;_animation&quot;:&quot;fadeInRight&quot;}\" data-widget_type=\"text-editor.default\">\n\t\t\t\t<div class=\"elementor-widget-container\">\n\t\t\t\t\t\t\t\t\t<p>FRAMIOPT<\/p>\t\t\t\t\t\t\t\t<\/div>\n\t\t\t\t<\/div>\n\t\t\t\t<div class=\"elementor-element elementor-element-50800f6 animated-slow elementor-widget-divider--view-line jltma-glass-effect-no elementor-repeater-item-none elementor-repeater-item-none_hover elementor-invisible elementor-widget elementor-widget-divider\" data-id=\"50800f6\" data-element_type=\"widget\" data-e-type=\"widget\" data-settings=\"{&quot;_animation&quot;:&quot;fadeInUp&quot;}\" data-widget_type=\"divider.default\">\n\t\t\t\t<div class=\"elementor-widget-container\">\n\t\t\t\t\t\t\t<div class=\"elementor-divider\">\n\t\t\t<span class=\"elementor-divider-separator\">\n\t\t\t\t\t\t<\/span>\n\t\t<\/div>\n\t\t\t\t\t\t<\/div>\n\t\t\t\t<\/div>\n\t\t\t\t\t<\/div>\n\t\t<\/div>\n\t\t\t\t\t<\/div>\n\t\t<\/section>\n\t\t\t\t<section class=\"elementor-section elementor-top-section elementor-element elementor-element-891d869 elementor-section-boxed ang-section-padding-initial elementor-section-height-default elementor-section-height-default elementor-repeater-item-none elementor-repeater-item-none_hover jltma-glass-effect-no\" data-id=\"891d869\" data-element_type=\"section\" data-e-type=\"section\">\n\t\t\t\t\t\t<div class=\"elementor-container elementor-column-gap-default\">\n\t\t\t\t\t<div class=\"elementor-column elementor-col-50 elementor-top-column elementor-element elementor-element-e4738eb elementor-repeater-item-none elementor-repeater-item-none_hover jltma-glass-effect-no\" data-id=\"e4738eb\" data-element_type=\"column\" data-e-type=\"column\">\n\t\t\t<div class=\"elementor-widget-wrap elementor-element-populated\">\n\t\t\t\t\t\t<div class=\"elementor-element elementor-element-a731760 elementor-widget-mobile__width-initial animated-slow elementor-widget-tablet__width-initial jltma-glass-effect-no elementor-repeater-item-none elementor-repeater-item-none_hover elementor-invisible elementor-widget elementor-widget-text-editor\" data-id=\"a731760\" data-element_type=\"widget\" data-e-type=\"widget\" data-settings=\"{&quot;_animation&quot;:&quot;fadeInLeft&quot;}\" data-widget_type=\"text-editor.default\">\n\t\t\t\t<div class=\"elementor-widget-container\">\n\t\t\t\t\t\t\t\t\t<p style=\"text-align: center;\"><strong><span style=\"color: #00ccff;\">CARACTERISTIQUES<\/span><\/strong><\/p><p style=\"text-align: center;\">Ce logiciel complet de stimulation optocin\u00e9tique vous permet de vid\u00e9o-projeter des taches param\u00e9trables en couleurs, formes, vitesses, directions\u2026<\/p>\t\t\t\t\t\t\t\t<\/div>\n\t\t\t\t<\/div>\n\t\t\t\t<div class=\"elementor-element elementor-element-142dea6 elementor-widget-tablet__width-initial elementor-align-center jltma-glass-effect-no elementor-repeater-item-none elementor-repeater-item-none_hover elementor-invisible elementor-widget elementor-widget-button\" data-id=\"142dea6\" data-element_type=\"widget\" data-e-type=\"widget\" data-settings=\"{&quot;_animation&quot;:&quot;fadeInUp&quot;}\" data-widget_type=\"button.default\">\n\t\t\t\t<div class=\"elementor-widget-container\">\n\t\t\t\t\t\t\t\t\t<div class=\"elementor-button-wrapper\">\n\t\t\t\t\t<a class=\"elementor-button elementor-button-link elementor-size-sm\" href=\"https:\/\/framiral.fr\/web\/wp-content\/uploads\/2022\/02\/PL_STFO-Plaquette_STIMULOPT-FRAMIOPT-rev018.1.pdf\" target=\"_blank\">\n\t\t\t\t\t\t<span class=\"elementor-button-content-wrapper\">\n\t\t\t\t\t\t\t\t\t<span class=\"elementor-button-text\">Brochure commerciale<\/span>\n\t\t\t\t\t<\/span>\n\t\t\t\t\t<\/a>\n\t\t\t\t<\/div>\n\t\t\t\t\t\t\t\t<\/div>\n\t\t\t\t<\/div>\n\t\t\t\t<div class=\"elementor-element elementor-element-bec6210 elementor-align-center jltma-glass-effect-no elementor-repeater-item-none elementor-repeater-item-none_hover elementor-invisible elementor-widget elementor-widget-button\" data-id=\"bec6210\" data-element_type=\"widget\" data-e-type=\"widget\" data-settings=\"{&quot;_animation&quot;:&quot;fadeInUp&quot;}\" data-widget_type=\"button.default\">\n\t\t\t\t<div class=\"elementor-widget-container\">\n\t\t\t\t\t\t\t\t\t<div class=\"elementor-button-wrapper\">\n\t\t\t\t\t<a class=\"elementor-button elementor-button-link elementor-size-sm\" href=\"https:\/\/framiral.fr\/web\/wp-content\/uploads\/2022\/02\/MU_FO-Manuel_Utilisateur_Logiciel_FramiOpt-rev003.pdf\" target=\"_blank\">\n\t\t\t\t\t\t<span class=\"elementor-button-content-wrapper\">\n\t\t\t\t\t\t\t\t\t<span class=\"elementor-button-text\">Manuel d'utilisation<\/span>\n\t\t\t\t\t<\/span>\n\t\t\t\t\t<\/a>\n\t\t\t\t<\/div>\n\t\t\t\t\t\t\t\t<\/div>\n\t\t\t\t<\/div>\n\t\t\t\t\t<\/div>\n\t\t<\/div>\n\t\t\t\t<div class=\"elementor-column elementor-col-50 elementor-top-column elementor-element elementor-element-83cee93 elementor-repeater-item-none elementor-repeater-item-none_hover jltma-glass-effect-no\" data-id=\"83cee93\" data-element_type=\"column\" data-e-type=\"column\">\n\t\t\t<div class=\"elementor-widget-wrap elementor-element-populated\">\n\t\t\t\t\t\t<div class=\"elementor-element elementor-element-ce06824 animated-slow elementor-widget-tablet__width-initial external_elementor-repeater-item-none_external jltma-glass-effect-no elementor-repeater-item-none elementor-repeater-item-none_hover elementor-invisible elementor-widget elementor-widget-image\" data-id=\"ce06824\" data-element_type=\"widget\" data-e-type=\"widget\" data-settings=\"{&quot;_animation&quot;:&quot;fadeInRight&quot;}\" data-widget_type=\"image.default\">\n\t\t\t\t<div class=\"elementor-widget-container\">\n\t\t\t\t\t\t\t\t\t\t\t\t<figure class=\"wp-caption\">\n\t\t\t\t\t\t\t\t\t\t<img fetchpriority=\"high\" decoding=\"async\" width=\"800\" height=\"603\" src=\"https:\/\/framiral.fr\/web\/wp-content\/uploads\/2022\/02\/framiopt_praticien.png\" class=\"attachment-large size-large wp-image-3237\" alt=\"Logiciel FRAMIOPT\" srcset=\"https:\/\/framiral.fr\/web\/wp-content\/uploads\/2022\/02\/framiopt_praticien.png 1022w, https:\/\/framiral.fr\/web\/wp-content\/uploads\/2022\/02\/framiopt_praticien-300x226.png 300w, https:\/\/framiral.fr\/web\/wp-content\/uploads\/2022\/02\/framiopt_praticien-768x579.png 768w\" sizes=\"(max-width: 800px) 100vw, 800px\" \/>\t\t\t\t\t\t\t\t\t\t\t<figcaption class=\"widget-image-caption wp-caption-text\">FramiOpt - Vue Praticien<\/figcaption>\n\t\t\t\t\t\t\t\t\t\t<\/figure>\n\t\t\t\t\t\t\t\t\t<\/div>\n\t\t\t\t<\/div>\n\t\t\t\t\t<\/div>\n\t\t<\/div>\n\t\t\t\t\t<\/div>\n\t\t<\/section>\n\t\t\t\t<section class=\"elementor-section elementor-top-section elementor-element elementor-element-f2d9298 elementor-section-boxed ang-section-padding-initial elementor-section-height-default elementor-section-height-default elementor-repeater-item-none elementor-repeater-item-none_hover jltma-glass-effect-no\" data-id=\"f2d9298\" data-element_type=\"section\" data-e-type=\"section\" data-settings=\"{&quot;background_background&quot;:&quot;classic&quot;}\">\n\t\t\t\t\t\t<div class=\"elementor-container elementor-column-gap-default\">\n\t\t\t\t\t<div class=\"elementor-column elementor-col-100 elementor-top-column elementor-element elementor-element-e14e84d elementor-repeater-item-none elementor-repeater-item-none_hover jltma-glass-effect-no\" data-id=\"e14e84d\" data-element_type=\"column\" data-e-type=\"column\">\n\t\t\t<div class=\"elementor-widget-wrap elementor-element-populated\">\n\t\t\t\t\t\t<div class=\"elementor-element elementor-element-50edd46 elementor-view-default jltma-glass-effect-no elementor-repeater-item-none elementor-repeater-item-none_hover elementor-invisible elementor-widget elementor-widget-icon\" data-id=\"50edd46\" data-element_type=\"widget\" data-e-type=\"widget\" data-settings=\"{&quot;_animation&quot;:&quot;fadeInDown&quot;}\" data-widget_type=\"icon.default\">\n\t\t\t\t<div class=\"elementor-widget-container\">\n\t\t\t\t\t\t\t<div class=\"elementor-icon-wrapper\">\n\t\t\t<div class=\"elementor-icon\">\n\t\t\t<i aria-hidden=\"true\" class=\"fas fa-video\"><\/i>\t\t\t<\/div>\n\t\t<\/div>\n\t\t\t\t\t\t<\/div>\n\t\t\t\t<\/div>\n\t\t\t\t\t<\/div>\n\t\t<\/div>\n\t\t\t\t\t<\/div>\n\t\t<\/section>\n\t\t\t\t<section class=\"elementor-section elementor-top-section elementor-element elementor-element-64b3556 elementor-section-boxed ang-section-padding-initial elementor-section-height-default elementor-section-height-default elementor-repeater-item-none elementor-repeater-item-none_hover jltma-glass-effect-no\" data-id=\"64b3556\" data-element_type=\"section\" data-e-type=\"section\" data-settings=\"{&quot;background_background&quot;:&quot;classic&quot;}\">\n\t\t\t\t\t\t<div class=\"elementor-container elementor-column-gap-default\">\n\t\t\t\t\t<div class=\"elementor-column elementor-col-50 elementor-top-column elementor-element elementor-element-ed78ce4 elementor-repeater-item-none elementor-repeater-item-none_hover jltma-glass-effect-no\" data-id=\"ed78ce4\" data-element_type=\"column\" data-e-type=\"column\">\n\t\t\t<div class=\"elementor-widget-wrap elementor-element-populated\">\n\t\t\t\t\t\t<div class=\"elementor-element elementor-element-a6c704b elementor-widget-mobile__width-initial animated-slow jltma-glass-effect-no elementor-repeater-item-none elementor-repeater-item-none_hover elementor-invisible elementor-widget elementor-widget-video\" data-id=\"a6c704b\" data-element_type=\"widget\" data-e-type=\"widget\" data-settings=\"{&quot;video_type&quot;:&quot;hosted&quot;,&quot;_animation&quot;:&quot;fadeInLeft&quot;,&quot;controls&quot;:&quot;yes&quot;}\" data-widget_type=\"video.default\">\n\t\t\t\t<div class=\"elementor-widget-container\">\n\t\t\t\t\t\t\t<div class=\"e-hosted-video elementor-wrapper elementor-open-inline\">\n\t\t\t\t\t<video class=\"elementor-video\" src=\"https:\/\/framiral.fr\/web\/wp-content\/uploads\/2022\/02\/framiopt2-1.mp4\" controls=\"\" preload=\"metadata\" controlsList=\"nodownload\"><\/video>\n\t\t\t\t<\/div>\n\t\t\t\t\t\t<\/div>\n\t\t\t\t<\/div>\n\t\t\t\t<div class=\"elementor-element elementor-element-e8d5f23 elementor-widget-mobile__width-initial animated-slow elementor-widget-tablet__width-initial jltma-glass-effect-no elementor-repeater-item-none elementor-repeater-item-none_hover elementor-invisible elementor-widget elementor-widget-text-editor\" data-id=\"e8d5f23\" data-element_type=\"widget\" data-e-type=\"widget\" data-settings=\"{&quot;_animation&quot;:&quot;fadeInLeft&quot;}\" data-widget_type=\"text-editor.default\">\n\t\t\t\t<div class=\"elementor-widget-container\">\n\t\t\t\t\t\t\t\t\t<p style=\"text-align: center;\"><span style=\"color: #00ccff;\"><em>Cliquez sur la vid\u00e9o pour visualiser les diff\u00e9rent modes d&rsquo;utilisation de FramiOpt<\/em><\/span><\/p><p style=\"text-align: center;\">\u00a0<\/p>\t\t\t\t\t\t\t\t<\/div>\n\t\t\t\t<\/div>\n\t\t\t\t\t<\/div>\n\t\t<\/div>\n\t\t\t\t<div class=\"elementor-column elementor-col-50 elementor-top-column elementor-element elementor-element-e72a08d elementor-repeater-item-none elementor-repeater-item-none_hover jltma-glass-effect-no\" data-id=\"e72a08d\" data-element_type=\"column\" data-e-type=\"column\">\n\t\t\t<div class=\"elementor-widget-wrap elementor-element-populated\">\n\t\t\t\t\t\t<div class=\"elementor-element elementor-element-000e89e elementor-widget-mobile__width-initial animated-slow elementor-widget-tablet__width-initial jltma-glass-effect-no elementor-repeater-item-none elementor-repeater-item-none_hover elementor-invisible elementor-widget elementor-widget-text-editor\" data-id=\"000e89e\" data-element_type=\"widget\" data-e-type=\"widget\" data-settings=\"{&quot;_animation&quot;:&quot;fadeInLeft&quot;}\" data-widget_type=\"text-editor.default\">\n\t\t\t\t<div class=\"elementor-widget-container\">\n\t\t\t\t\t\t\t\t\t<p style=\"text-align: center;\" align=\"center\">Gr\u00e2ce \u00e0 ce logiciel il est ais\u00e9 d&rsquo;enclencher le r\u00e9flexe optocin\u00e9tique, avec le d\u00e9filement des t\u00e2ches projet\u00e9es sur le mur ou sous casque de r\u00e9alit\u00e9 virtuelle dans le sens d\u00e9sir\u00e9 : vertical, horizontal, en rotation ou en profondeur.<\/p><p style=\"text-align: center;\">Le Frami-Opt vous permettra de compl\u00e9ter votre r\u00e9\u00e9ducation avec les effets 3D, le choix des couleurs et l&rsquo;immersion sous casque RV.<\/p>\t\t\t\t\t\t\t\t<\/div>\n\t\t\t\t<\/div>\n\t\t\t\t\t<\/div>\n\t\t<\/div>\n\t\t\t\t\t<\/div>\n\t\t<\/section>\n\t\t\t\t<section class=\"elementor-section elementor-top-section elementor-element elementor-element-3c5a467 elementor-section-boxed ang-section-padding-initial elementor-section-height-default elementor-section-height-default elementor-repeater-item-none elementor-repeater-item-none_hover jltma-glass-effect-no\" data-id=\"3c5a467\" data-element_type=\"section\" data-e-type=\"section\">\n\t\t\t\t\t\t<div class=\"elementor-container elementor-column-gap-default\">\n\t\t\t\t\t<div class=\"elementor-column elementor-col-100 elementor-top-column elementor-element elementor-element-629ae83 elementor-repeater-item-none elementor-repeater-item-none_hover jltma-glass-effect-no\" data-id=\"629ae83\" data-element_type=\"column\" data-e-type=\"column\">\n\t\t\t<div class=\"elementor-widget-wrap elementor-element-populated\">\n\t\t\t\t\t\t<div class=\"elementor-element elementor-element-0f3d5a0 jltma-glass-effect-no elementor-repeater-item-none elementor-repeater-item-none_hover elementor-invisible elementor-widget elementor-widget-bdt-cookie-consent\" data-id=\"0f3d5a0\" data-element_type=\"widget\" data-e-type=\"widget\" data-settings=\"{&quot;_animation&quot;:&quot;fadeIn&quot;}\" data-widget_type=\"bdt-cookie-consent.default\">\n\t\t\t\t<div class=\"elementor-widget-container\">\n\t\t\t\t\t\n\t\t\t<div class=\"bdt-cookie-consent bdt-hidden\" data-settings=\"{&quot;position&quot;:&quot;bottom&quot;,&quot;static&quot;:false,&quot;content&quot;:{&quot;message&quot;:&quot;Ce site utilise des cookies (non-comestibles !) afin d\\u0026#039;assurer la meilleure exp\\u00e9rience utilisateur. En poursuivant votre visite vous acceptez notre politique de confidentialit\\u00e9.&quot;,&quot;dismiss&quot;:&quot;J\\u0026#039;ai compris !&quot;,&quot;link&quot;:&quot;En savoir plus&quot;,&quot;href&quot;:&quot;https:\/\/framiral.fr\/web\/politique-de-confidentialite\/&quot;,&quot;custom_attr&quot;:&quot;href=\\u0026quot;https:\/\/framiral.fr\/web\/politique-de-confidentialite\/\\u0026quot;&quot;},&quot;cookie&quot;:{&quot;name&quot;:&quot;element_pack_cookie_widget&quot;,&quot;domain&quot;:&quot;framiral.fr&quot;,&quot;expiryDays&quot;:7}}\"><\/div>\n\n\t\t\t\t\t\t<\/div>\n\t\t\t\t<\/div>\n\t\t\t\t\t<\/div>\n\t\t<\/div>\n\t\t\t\t\t<\/div>\n\t\t<\/section>\n\t\t\t\t<\/div>\n\t\t","protected":false},"excerpt":{"rendered":"<p>Logiciel FRAMIOPT CARACTERISTIQUES Ce logiciel complet de stimulation optocin\u00e9tique vous permet de vid\u00e9o-projeter des taches param\u00e9trables en couleurs, formes, vitesses, directions\u2026 Brochure commerciale Manuel d&rsquo;utilisation FramiOpt &#8211; Vue Praticien https:\/\/framiral.fr\/web\/wp-content\/uploads\/2022\/02\/framiopt2-1.mp4 [&hellip;]<\/p>\n","protected":false},"author":1,"featured_media":0,"parent":0,"menu_order":0,"comment_status":"closed","ping_status":"closed","template":"","meta":{"footnotes":""},"class_list":["post-103","page","type-page","status-publish","hentry"],"_links":{"self":[{"href":"https:\/\/framiral.fr\/web\/wp-json\/wp\/v2\/pages\/103","targetHints":{"allow":["GET"]}}],"collection":[{"href":"https:\/\/framiral.fr\/web\/wp-json\/wp\/v2\/pages"}],"about":[{"href":"https:\/\/framiral.fr\/web\/wp-json\/wp\/v2\/types\/page"}],"author":[{"embeddable":true,"href":"https:\/\/framiral.fr\/web\/wp-json\/wp\/v2\/users\/1"}],"replies":[{"embeddable":true,"href":"https:\/\/framiral.fr\/web\/wp-json\/wp\/v2\/comments?post=103"}],"version-history":[{"count":10,"href":"https:\/\/framiral.fr\/web\/wp-json\/wp\/v2\/pages\/103\/revisions"}],"predecessor-version":[{"id":16655,"href":"https:\/\/framiral.fr\/web\/wp-json\/wp\/v2\/pages\/103\/revisions\/16655"}],"wp:attachment":[{"href":"https:\/\/framiral.fr\/web\/wp-json\/wp\/v2\/media?parent=103"}],"curies":[{"name":"wp","href":"https:\/\/api.w.org\/{rel}","templated":true}]}}