{"id":11443,"date":"2023-01-17T15:35:08","date_gmt":"2023-01-17T14:35:08","guid":{"rendered":"https:\/\/framiral.fr\/web\/?page_id=11443"},"modified":"2025-10-17T14:38:53","modified_gmt":"2025-10-17T12:38:53","slug":"gyroscope","status":"publish","type":"page","link":"https:\/\/framiral.fr\/web\/gyroscope\/","title":{"rendered":"Gyroscope"},"content":{"rendered":"\t\t<div data-elementor-type=\"wp-page\" data-elementor-id=\"11443\" class=\"elementor elementor-11443\">\n\t\t\t\t\t\t<section class=\"elementor-section elementor-top-section elementor-element elementor-element-490da22 elementor-section-boxed ang-section-padding-initial elementor-section-height-default elementor-section-height-default elementor-repeater-item-none elementor-repeater-item-none_hover jltma-glass-effect-no\" data-id=\"490da22\" data-element_type=\"section\" data-e-type=\"section\" data-settings=\"{&quot;background_background&quot;:&quot;classic&quot;}\">\n\t\t\t\t\t\t<div class=\"elementor-container elementor-column-gap-default\">\n\t\t\t\t\t<div class=\"elementor-column elementor-col-100 elementor-top-column elementor-element elementor-element-6394f63 elementor-repeater-item-none elementor-repeater-item-none_hover jltma-glass-effect-no\" data-id=\"6394f63\" data-element_type=\"column\" data-e-type=\"column\">\n\t\t\t<div class=\"elementor-widget-wrap elementor-element-populated\">\n\t\t\t\t\t\t<div class=\"elementor-element elementor-element-f91887b elementor-widget-mobile__width-initial jltma-glass-effect-no elementor-repeater-item-none elementor-repeater-item-none_hover elementor-invisible elementor-widget elementor-widget-text-editor\" data-id=\"f91887b\" data-element_type=\"widget\" data-e-type=\"widget\" data-settings=\"{&quot;_animation&quot;:&quot;fadeInLeft&quot;}\" data-widget_type=\"text-editor.default\">\n\t\t\t\t<div class=\"elementor-widget-container\">\n\t\t\t\t\t\t\t\t\t<p style=\"text-align: center;\">Le\u00a0<\/p>\t\t\t\t\t\t\t\t<\/div>\n\t\t\t\t<\/div>\n\t\t\t\t<div class=\"elementor-element elementor-element-8f60c03 elementor-widget-mobile__width-initial jltma-glass-effect-no elementor-repeater-item-none elementor-repeater-item-none_hover elementor-invisible elementor-widget elementor-widget-text-editor\" data-id=\"8f60c03\" data-element_type=\"widget\" data-e-type=\"widget\" data-settings=\"{&quot;_animation&quot;:&quot;fadeInRight&quot;}\" data-widget_type=\"text-editor.default\">\n\t\t\t\t<div class=\"elementor-widget-container\">\n\t\t\t\t\t\t\t\t\t<p>GYROSCOPE<\/p>\t\t\t\t\t\t\t\t<\/div>\n\t\t\t\t<\/div>\n\t\t\t\t<div class=\"elementor-element elementor-element-8c3039b elementor-widget-mobile__width-initial elementor-widget-tablet__width-initial jltma-glass-effect-no elementor-repeater-item-none elementor-repeater-item-none_hover elementor-invisible elementor-widget elementor-widget-text-editor\" data-id=\"8c3039b\" data-element_type=\"widget\" data-e-type=\"widget\" data-settings=\"{&quot;_animation&quot;:&quot;fadeInUp&quot;}\" data-widget_type=\"text-editor.default\">\n\t\t\t\t<div class=\"elementor-widget-container\">\n\t\t\t\t\t\t\t\t\t<p style=\"text-align: center;\"><em>Le Gyroscope est efficace pour la prise en charge de vertiges positionnels afin de pratiquer les man\u0153uvres lib\u00e9ratoires et faciliter vos bilans et r\u00e9\u00e9ducations sans effort et avec pr\u00e9cision.<\/em><\/p>\t\t\t\t\t\t\t\t<\/div>\n\t\t\t\t<\/div>\n\t\t\t\t<div class=\"elementor-element elementor-element-b8721cf elementor-widget-divider--view-line jltma-glass-effect-no elementor-repeater-item-none elementor-repeater-item-none_hover elementor-invisible elementor-widget elementor-widget-divider\" data-id=\"b8721cf\" data-element_type=\"widget\" data-e-type=\"widget\" data-settings=\"{&quot;_animation&quot;:&quot;fadeInLeft&quot;}\" data-widget_type=\"divider.default\">\n\t\t\t\t<div class=\"elementor-widget-container\">\n\t\t\t\t\t\t\t<div class=\"elementor-divider\">\n\t\t\t<span class=\"elementor-divider-separator\">\n\t\t\t\t\t\t<\/span>\n\t\t<\/div>\n\t\t\t\t\t\t<\/div>\n\t\t\t\t<\/div>\n\t\t\t\t\t<\/div>\n\t\t<\/div>\n\t\t\t\t\t<\/div>\n\t\t<\/section>\n\t\t\t\t<section class=\"elementor-section elementor-top-section elementor-element elementor-element-20dd508 elementor-section-boxed ang-section-padding-initial elementor-section-height-default elementor-section-height-default elementor-repeater-item-none elementor-repeater-item-none_hover jltma-glass-effect-no\" data-id=\"20dd508\" data-element_type=\"section\" data-e-type=\"section\">\n\t\t\t\t\t\t<div class=\"elementor-container elementor-column-gap-default\">\n\t\t\t\t\t<div class=\"elementor-column elementor-col-50 elementor-top-column elementor-element elementor-element-db249f9 elementor-repeater-item-none elementor-repeater-item-none_hover jltma-glass-effect-no\" data-id=\"db249f9\" data-element_type=\"column\" data-e-type=\"column\">\n\t\t\t<div class=\"elementor-widget-wrap elementor-element-populated\">\n\t\t\t\t\t\t<div class=\"elementor-element elementor-element-8f58b73 animated-slow elementor-widget-tablet__width-initial elementor-widget-mobile__width-initial jltma-glass-effect-no elementor-repeater-item-none elementor-repeater-item-none_hover elementor-invisible elementor-widget elementor-widget-text-editor\" data-id=\"8f58b73\" data-element_type=\"widget\" data-e-type=\"widget\" data-settings=\"{&quot;_animation&quot;:&quot;fadeInLeft&quot;}\" data-widget_type=\"text-editor.default\">\n\t\t\t\t<div class=\"elementor-widget-container\">\n\t\t\t\t\t\t\t\t\t<p style=\"text-align: center;\"><span style=\"color: #00ccff;\"><strong>CARACTERISTIQUES<\/strong><\/span><\/p><p style=\"text-align: center;\">Ce Gyroscope unique en son genre, a \u00e9t\u00e9 con\u00e7u pour un traitement des patients souffrant de vertiges (VPPB) et probl\u00e8mes d&rsquo;\u00e9quilibre. Il permet gr\u00e2ce \u00e0 sa forme circulaire d&rsquo;anneaux concentriques, rappelant les canaux semi-circulaires du vestibule, d&rsquo;effectuer des mouvements pr\u00e9cis visant \u00e0 d\u00e9placer les otolithes des canaux vers l&rsquo;utricule.<\/p><p style=\"text-align: center;\">Il est donc possible d&rsquo;effectuer efficacement toutes les man\u0153uvres de diagnostic (Dix-Hallpike, Roll-Test) ainsi que des man\u0153uvres de repositionnement (Epley, Semont, Barbecue&#8230;) de mani\u00e8re pr\u00e9cise et sans effort.<\/p><p style=\"text-align: center;\">De plus, il est possible d\u2019associer son utilisation avec un nystagmoscope sans fil, le\u00a0<strong><a title=\"Le Framiscope\" href=\"https:\/\/framiral.fr\/web\/framiscope\/\">Framiscope<\/a><\/strong>, permettant ainsi d\u2019obtenir une image tr\u00e8s nette en per et post rotatoire sans \u00eatre g\u00ean\u00e9 lors des rotations.<\/p>\t\t\t\t\t\t\t\t<\/div>\n\t\t\t\t<\/div>\n\t\t\t\t\t<\/div>\n\t\t<\/div>\n\t\t\t\t<div class=\"elementor-column elementor-col-50 elementor-top-column elementor-element elementor-element-2f81c9a elementor-repeater-item-none elementor-repeater-item-none_hover jltma-glass-effect-no\" data-id=\"2f81c9a\" data-element_type=\"column\" data-e-type=\"column\">\n\t\t\t<div class=\"elementor-widget-wrap elementor-element-populated\">\n\t\t\t\t\t\t<div class=\"elementor-element elementor-element-96afd73 elementor-widget-tablet__width-initial elementor-widget-mobile__width-initial external_elementor-repeater-item-none_external jltma-glass-effect-no elementor-repeater-item-none elementor-repeater-item-none_hover elementor-invisible elementor-widget elementor-widget-image\" data-id=\"96afd73\" data-element_type=\"widget\" data-e-type=\"widget\" data-settings=\"{&quot;_animation&quot;:&quot;fadeInLeft&quot;}\" data-widget_type=\"image.default\">\n\t\t\t\t<div class=\"elementor-widget-container\">\n\t\t\t\t\t\t\t\t\t\t\t\t\t\t\t<img fetchpriority=\"high\" decoding=\"async\" width=\"800\" height=\"717\" src=\"https:\/\/framiral.fr\/web\/wp-content\/uploads\/2023\/02\/Image-Gyro-Site-coupee-1024x918.png\" class=\"attachment-large size-large wp-image-11608\" alt=\"gyroscope\" srcset=\"https:\/\/framiral.fr\/web\/wp-content\/uploads\/2023\/02\/Image-Gyro-Site-coupee-1024x918.png 1024w, https:\/\/framiral.fr\/web\/wp-content\/uploads\/2023\/02\/Image-Gyro-Site-coupee-300x269.png 300w, https:\/\/framiral.fr\/web\/wp-content\/uploads\/2023\/02\/Image-Gyro-Site-coupee-768x689.png 768w, https:\/\/framiral.fr\/web\/wp-content\/uploads\/2023\/02\/Image-Gyro-Site-coupee-1536x1378.png 1536w, https:\/\/framiral.fr\/web\/wp-content\/uploads\/2023\/02\/Image-Gyro-Site-coupee-2048x1837.png 2048w\" sizes=\"(max-width: 800px) 100vw, 800px\" \/>\t\t\t\t\t\t\t\t\t\t\t\t\t\t\t<\/div>\n\t\t\t\t<\/div>\n\t\t\t\t\t<\/div>\n\t\t<\/div>\n\t\t\t\t\t<\/div>\n\t\t<\/section>\n\t\t\t\t<section class=\"elementor-section elementor-top-section elementor-element elementor-element-90d68b7 elementor-section-boxed ang-section-padding-initial elementor-section-height-default elementor-section-height-default elementor-repeater-item-none elementor-repeater-item-none_hover jltma-glass-effect-no\" data-id=\"90d68b7\" data-element_type=\"section\" data-e-type=\"section\">\n\t\t\t\t\t\t<div class=\"elementor-container elementor-column-gap-default\">\n\t\t\t\t\t<div class=\"elementor-column elementor-col-100 elementor-top-column elementor-element elementor-element-99a1330 elementor-repeater-item-none elementor-repeater-item-none_hover jltma-glass-effect-no\" data-id=\"99a1330\" data-element_type=\"column\" data-e-type=\"column\">\n\t\t\t<div class=\"elementor-widget-wrap elementor-element-populated\">\n\t\t\t\t\t\t<div class=\"elementor-element elementor-element-01445a4 elementor-hidden-tablet elementor-hidden-mobile elementor-widget-divider--view-line jltma-glass-effect-no elementor-repeater-item-none elementor-repeater-item-none_hover elementor-invisible elementor-widget elementor-widget-divider\" data-id=\"01445a4\" data-element_type=\"widget\" data-e-type=\"widget\" data-settings=\"{&quot;_animation&quot;:&quot;fadeInRight&quot;}\" data-widget_type=\"divider.default\">\n\t\t\t\t<div class=\"elementor-widget-container\">\n\t\t\t\t\t\t\t<div class=\"elementor-divider\">\n\t\t\t<span class=\"elementor-divider-separator\">\n\t\t\t\t\t\t<\/span>\n\t\t<\/div>\n\t\t\t\t\t\t<\/div>\n\t\t\t\t<\/div>\n\t\t\t\t\t<\/div>\n\t\t<\/div>\n\t\t\t\t\t<\/div>\n\t\t<\/section>\n\t\t\t\t<section class=\"elementor-section elementor-top-section elementor-element elementor-element-8be3f6c elementor-section-boxed ang-section-padding-initial elementor-section-height-default elementor-section-height-default elementor-repeater-item-none elementor-repeater-item-none_hover jltma-glass-effect-no\" data-id=\"8be3f6c\" data-element_type=\"section\" data-e-type=\"section\" data-settings=\"{&quot;background_background&quot;:&quot;classic&quot;}\">\n\t\t\t\t\t\t<div class=\"elementor-container elementor-column-gap-default\">\n\t\t\t\t\t<div class=\"elementor-column elementor-col-50 elementor-top-column elementor-element elementor-element-4e43622 elementor-repeater-item-none elementor-repeater-item-none_hover jltma-glass-effect-no\" data-id=\"4e43622\" data-element_type=\"column\" data-e-type=\"column\">\n\t\t\t<div class=\"elementor-widget-wrap elementor-element-populated\">\n\t\t\t\t\t\t<div class=\"elementor-element elementor-element-d33b4c2 animated-slow elementor-widget-tablet__width-initial external_elementor-repeater-item-none_external jltma-glass-effect-no elementor-repeater-item-none elementor-repeater-item-none_hover elementor-invisible elementor-widget elementor-widget-image\" data-id=\"d33b4c2\" data-element_type=\"widget\" data-e-type=\"widget\" data-settings=\"{&quot;_animation&quot;:&quot;fadeInLeft&quot;}\" data-widget_type=\"image.default\">\n\t\t\t\t<div class=\"elementor-widget-container\">\n\t\t\t\t\t\t\t\t\t\t\t\t\t\t\t<img decoding=\"async\" width=\"2560\" height=\"2267\" src=\"https:\/\/framiral.fr\/web\/wp-content\/uploads\/2025\/10\/Sans-titre-2025-10-17T143759.693-scaled.png\" class=\"attachment-full size-full wp-image-16544\" alt=\"GYROSCOPE\" srcset=\"https:\/\/framiral.fr\/web\/wp-content\/uploads\/2025\/10\/Sans-titre-2025-10-17T143759.693-scaled.png 2560w, https:\/\/framiral.fr\/web\/wp-content\/uploads\/2025\/10\/Sans-titre-2025-10-17T143759.693-300x266.png 300w, https:\/\/framiral.fr\/web\/wp-content\/uploads\/2025\/10\/Sans-titre-2025-10-17T143759.693-1024x907.png 1024w, https:\/\/framiral.fr\/web\/wp-content\/uploads\/2025\/10\/Sans-titre-2025-10-17T143759.693-768x680.png 768w, https:\/\/framiral.fr\/web\/wp-content\/uploads\/2025\/10\/Sans-titre-2025-10-17T143759.693-1536x1360.png 1536w, https:\/\/framiral.fr\/web\/wp-content\/uploads\/2025\/10\/Sans-titre-2025-10-17T143759.693-2048x1814.png 2048w\" sizes=\"(max-width: 2560px) 100vw, 2560px\" \/>\t\t\t\t\t\t\t\t\t\t\t\t\t\t\t<\/div>\n\t\t\t\t<\/div>\n\t\t\t\t\t<\/div>\n\t\t<\/div>\n\t\t\t\t<div class=\"elementor-column elementor-col-50 elementor-top-column elementor-element elementor-element-9edc48b elementor-repeater-item-none elementor-repeater-item-none_hover jltma-glass-effect-no\" data-id=\"9edc48b\" data-element_type=\"column\" data-e-type=\"column\">\n\t\t\t<div class=\"elementor-widget-wrap elementor-element-populated\">\n\t\t\t\t\t\t<div class=\"elementor-element elementor-element-ef0b546 animated-slow elementor-widget-tablet__width-initial elementor-hidden-mobile jltma-glass-effect-no elementor-repeater-item-none elementor-repeater-item-none_hover elementor-invisible elementor-widget elementor-widget-text-editor\" data-id=\"ef0b546\" data-element_type=\"widget\" data-e-type=\"widget\" data-settings=\"{&quot;_animation&quot;:&quot;fadeInLeft&quot;}\" data-widget_type=\"text-editor.default\">\n\t\t\t\t<div class=\"elementor-widget-container\">\n\t\t\t\t\t\t\t\t\t<p style=\"text-align: center;\"><span style=\"color: #00ccff;\"><strong>FONCTIONNALITES<\/strong><\/span><\/p><p style=\"text-align: center;\">En rotation sur les trois plans des canaux semi-circulaires, le Gyroscope est dot\u00e9 de roulements \u00e0 haute performance et d&rsquo;amortisseurs dynamique sp\u00e9ciaux.<\/p><p style=\"text-align: center;\">Equip\u00e9 d&rsquo;un verrouillage et d\u00e9verrouillage par deux \u00e9lectro-aimants ind\u00e9pendants command\u00e9s par des p\u00e9dales, il permet de g\u00e9n\u00e9rer des acc\u00e9l\u00e9rations et d\u00e9c\u00e9l\u00e9rations appropri\u00e9es de la t\u00eate du patient.\u00a0<\/p>\t\t\t\t\t\t\t\t<\/div>\n\t\t\t\t<\/div>\n\t\t\t\t\t<\/div>\n\t\t<\/div>\n\t\t\t\t\t<\/div>\n\t\t<\/section>\n\t\t\t\t<section class=\"elementor-section elementor-top-section elementor-element elementor-element-af87aa5 elementor-section-boxed ang-section-padding-initial elementor-section-height-default elementor-section-height-default elementor-repeater-item-none elementor-repeater-item-none_hover jltma-glass-effect-no\" data-id=\"af87aa5\" data-element_type=\"section\" data-e-type=\"section\">\n\t\t\t\t\t\t<div class=\"elementor-container elementor-column-gap-default\">\n\t\t\t\t\t<div class=\"elementor-column elementor-col-100 elementor-top-column elementor-element elementor-element-0202be9 elementor-repeater-item-none elementor-repeater-item-none_hover jltma-glass-effect-no\" data-id=\"0202be9\" data-element_type=\"column\" data-e-type=\"column\">\n\t\t\t<div class=\"elementor-widget-wrap elementor-element-populated\">\n\t\t\t\t\t\t<div class=\"elementor-element elementor-element-ce24a15 animated-slow elementor-hidden-tablet elementor-hidden-mobile elementor-widget-divider--view-line jltma-glass-effect-no elementor-repeater-item-none elementor-repeater-item-none_hover elementor-invisible elementor-widget elementor-widget-divider\" data-id=\"ce24a15\" data-element_type=\"widget\" data-e-type=\"widget\" data-settings=\"{&quot;_animation&quot;:&quot;fadeInUp&quot;}\" data-widget_type=\"divider.default\">\n\t\t\t\t<div class=\"elementor-widget-container\">\n\t\t\t\t\t\t\t<div class=\"elementor-divider\">\n\t\t\t<span class=\"elementor-divider-separator\">\n\t\t\t\t\t\t<\/span>\n\t\t<\/div>\n\t\t\t\t\t\t<\/div>\n\t\t\t\t<\/div>\n\t\t\t\t\t<\/div>\n\t\t<\/div>\n\t\t\t\t\t<\/div>\n\t\t<\/section>\n\t\t\t\t<section class=\"elementor-section elementor-top-section elementor-element elementor-element-8319fe0 elementor-section-boxed ang-section-padding-initial elementor-section-height-default elementor-section-height-default elementor-repeater-item-none elementor-repeater-item-none_hover jltma-glass-effect-no\" data-id=\"8319fe0\" data-element_type=\"section\" data-e-type=\"section\">\n\t\t\t\t\t\t<div class=\"elementor-container elementor-column-gap-default\">\n\t\t\t\t\t<div class=\"elementor-column elementor-col-50 elementor-top-column elementor-element elementor-element-af15193 elementor-repeater-item-none elementor-repeater-item-none_hover jltma-glass-effect-no\" data-id=\"af15193\" data-element_type=\"column\" data-e-type=\"column\">\n\t\t\t<div class=\"elementor-widget-wrap elementor-element-populated\">\n\t\t\t\t\t\t<div class=\"elementor-element elementor-element-caaae7d animated-slow elementor-widget-tablet__width-initial elementor-widget-mobile__width-initial jltma-glass-effect-no elementor-repeater-item-none elementor-repeater-item-none_hover elementor-invisible elementor-widget elementor-widget-text-editor\" data-id=\"caaae7d\" data-element_type=\"widget\" data-e-type=\"widget\" data-settings=\"{&quot;_animation&quot;:&quot;fadeInRight&quot;}\" data-widget_type=\"text-editor.default\">\n\t\t\t\t<div class=\"elementor-widget-container\">\n\t\t\t\t\t\t\t\t\t<p style=\"text-align: center;\"><span style=\"color: #00ccff;\"><strong>OPTIONS<\/strong><\/span><\/p><p style=\"text-align: left;\">\u2022 Choix de coloris sur demande pour la sellerie et peintures<br \/>\u2022 <strong><a title=\"Le Framiscope\" href=\"https:\/\/framiral.fr\/web\/framiscope\/\">Framiscope<\/a><\/strong><\/p>\t\t\t\t\t\t\t\t<\/div>\n\t\t\t\t<\/div>\n\t\t\t\t<div class=\"elementor-element elementor-element-0f9e345 animated-slow elementor-align-center jltma-glass-effect-no elementor-repeater-item-none elementor-repeater-item-none_hover elementor-invisible elementor-widget elementor-widget-button\" data-id=\"0f9e345\" data-element_type=\"widget\" data-e-type=\"widget\" data-settings=\"{&quot;_animation&quot;:&quot;fadeInRight&quot;}\" data-widget_type=\"button.default\">\n\t\t\t\t<div class=\"elementor-widget-container\">\n\t\t\t\t\t\t\t\t\t<div class=\"elementor-button-wrapper\">\n\t\t\t\t\t<a class=\"elementor-button elementor-size-sm\" role=\"button\">\n\t\t\t\t\t\t<span class=\"elementor-button-content-wrapper\">\n\t\t\t\t\t\t\t\t\t<span class=\"elementor-button-text\">Manuel d'utilisation<\/span>\n\t\t\t\t\t<\/span>\n\t\t\t\t\t<\/a>\n\t\t\t\t<\/div>\n\t\t\t\t\t\t\t\t<\/div>\n\t\t\t\t<\/div>\n\t\t\t\t<div class=\"elementor-element elementor-element-ec8b48a elementor-widget-tablet__width-initial animated-slow elementor-align-center jltma-glass-effect-no elementor-repeater-item-none elementor-repeater-item-none_hover elementor-invisible elementor-widget elementor-widget-button\" data-id=\"ec8b48a\" data-element_type=\"widget\" data-e-type=\"widget\" data-settings=\"{&quot;_animation&quot;:&quot;fadeInRight&quot;}\" data-widget_type=\"button.default\">\n\t\t\t\t<div class=\"elementor-widget-container\">\n\t\t\t\t\t\t\t\t\t<div class=\"elementor-button-wrapper\">\n\t\t\t\t\t<a class=\"elementor-button elementor-button-link elementor-size-sm\" href=\"https:\/\/framiral.fr\/web\/wp-content\/uploads\/2023\/02\/PL_FR-Plaquette_GYROSCOPE-rev023.2.pdf\" target=\"_blank\">\n\t\t\t\t\t\t<span class=\"elementor-button-content-wrapper\">\n\t\t\t\t\t\t\t\t\t<span class=\"elementor-button-text\">Brochure commerciale<\/span>\n\t\t\t\t\t<\/span>\n\t\t\t\t\t<\/a>\n\t\t\t\t<\/div>\n\t\t\t\t\t\t\t\t<\/div>\n\t\t\t\t<\/div>\n\t\t\t\t\t<\/div>\n\t\t<\/div>\n\t\t\t\t<div class=\"elementor-column elementor-col-50 elementor-top-column elementor-element elementor-element-73f962b elementor-repeater-item-none elementor-repeater-item-none_hover jltma-glass-effect-no\" data-id=\"73f962b\" data-element_type=\"column\" data-e-type=\"column\">\n\t\t\t<div class=\"elementor-widget-wrap elementor-element-populated\">\n\t\t\t\t\t\t<div class=\"elementor-element elementor-element-9674063 animated-slow elementor-widget-tablet__width-initial elementor-widget-mobile__width-initial jltma-glass-effect-no elementor-repeater-item-none elementor-repeater-item-none_hover elementor-invisible elementor-widget elementor-widget-text-editor\" data-id=\"9674063\" data-element_type=\"widget\" data-e-type=\"widget\" data-settings=\"{&quot;_animation&quot;:&quot;fadeInRight&quot;}\" data-widget_type=\"text-editor.default\">\n\t\t\t\t<div class=\"elementor-widget-container\">\n\t\t\t\t\t\t\t\t\t<p style=\"text-align: center;\"><span style=\"color: #00ccff;\"><strong>FICHE TECHNIQUE<\/strong><\/span><\/p><p style=\"text-align: left;\">\u2022 Poids : 285kg<br \/>\u2022 Encombrement : 250x195x210cm (LxlxH)<br \/>\u2022 Marche pied<br \/>\u2022 Sangles de maintien r\u00e9glables\u00a0<br \/>\u2022 Manette de verrouillage de rotation<br \/>\u2022 R\u00e9hausseur enfant<\/p><p>\u2022 P\u00e9dales de verrouillage\/deverouillage des anneaux (crans de 15\u00b0)<\/p><p>\u2022 Amortisseurs dynamique<\/p><p>\u2022 Roulettes amovibles pour d\u00e9placer l&rsquo;appareil<\/p>\t\t\t\t\t\t\t\t<\/div>\n\t\t\t\t<\/div>\n\t\t\t\t\t<\/div>\n\t\t<\/div>\n\t\t\t\t\t<\/div>\n\t\t<\/section>\n\t\t\t\t<\/div>\n\t\t","protected":false},"excerpt":{"rendered":"<p>Le\u00a0 GYROSCOPE Le Gyroscope est efficace pour la prise en charge de vertiges positionnels afin de pratiquer les man\u0153uvres lib\u00e9ratoires et faciliter vos bilans et r\u00e9\u00e9ducations sans effort et avec [&hellip;]<\/p>\n","protected":false},"author":1,"featured_media":0,"parent":0,"menu_order":0,"comment_status":"closed","ping_status":"closed","template":"","meta":{"footnotes":""},"class_list":["post-11443","page","type-page","status-publish","hentry"],"_links":{"self":[{"href":"https:\/\/framiral.fr\/web\/wp-json\/wp\/v2\/pages\/11443","targetHints":{"allow":["GET"]}}],"collection":[{"href":"https:\/\/framiral.fr\/web\/wp-json\/wp\/v2\/pages"}],"about":[{"href":"https:\/\/framiral.fr\/web\/wp-json\/wp\/v2\/types\/page"}],"author":[{"embeddable":true,"href":"https:\/\/framiral.fr\/web\/wp-json\/wp\/v2\/users\/1"}],"replies":[{"embeddable":true,"href":"https:\/\/framiral.fr\/web\/wp-json\/wp\/v2\/comments?post=11443"}],"version-history":[{"count":3,"href":"https:\/\/framiral.fr\/web\/wp-json\/wp\/v2\/pages\/11443\/revisions"}],"predecessor-version":[{"id":16547,"href":"https:\/\/framiral.fr\/web\/wp-json\/wp\/v2\/pages\/11443\/revisions\/16547"}],"wp:attachment":[{"href":"https:\/\/framiral.fr\/web\/wp-json\/wp\/v2\/media?parent=11443"}],"curies":[{"name":"wp","href":"https:\/\/api.w.org\/{rel}","templated":true}]}}