{"id":77,"date":"2022-01-10T17:15:19","date_gmt":"2022-01-10T16:15:19","guid":{"rendered":"https:\/\/framiral.fr\/web\/?page_id=77"},"modified":"2025-10-17T11:33:31","modified_gmt":"2025-10-17T09:33:31","slug":"stimulopt","status":"publish","type":"page","link":"https:\/\/framiral.fr\/web\/stimulopt\/","title":{"rendered":"StimulOpt"},"content":{"rendered":"\t\t<div data-elementor-type=\"wp-page\" data-elementor-id=\"77\" class=\"elementor elementor-77\">\n\t\t\t\t\t\t<section class=\"elementor-section elementor-top-section elementor-element elementor-element-b226b19 elementor-section-boxed ang-section-padding-initial elementor-section-height-default elementor-section-height-default elementor-repeater-item-none elementor-repeater-item-none_hover jltma-glass-effect-no\" data-id=\"b226b19\" data-element_type=\"section\" data-e-type=\"section\">\n\t\t\t\t\t\t<div class=\"elementor-container elementor-column-gap-default\">\n\t\t\t\t\t<div class=\"elementor-column elementor-col-100 elementor-top-column elementor-element elementor-element-7739e9a elementor-repeater-item-none elementor-repeater-item-none_hover jltma-glass-effect-no\" data-id=\"7739e9a\" data-element_type=\"column\" data-e-type=\"column\">\n\t\t\t<div class=\"elementor-widget-wrap\">\n\t\t\t\t\t\t\t<\/div>\n\t\t<\/div>\n\t\t\t\t\t<\/div>\n\t\t<\/section>\n\t\t\t\t<section class=\"elementor-section elementor-top-section elementor-element elementor-element-80350c0 elementor-section-boxed ang-section-padding-initial elementor-section-height-default elementor-section-height-default elementor-repeater-item-none elementor-repeater-item-none_hover jltma-glass-effect-no\" data-id=\"80350c0\" data-element_type=\"section\" data-e-type=\"section\" data-settings=\"{&quot;background_background&quot;:&quot;classic&quot;}\">\n\t\t\t\t\t\t<div class=\"elementor-container elementor-column-gap-default\">\n\t\t\t\t\t<div class=\"elementor-column elementor-col-100 elementor-top-column elementor-element elementor-element-39948f5 elementor-repeater-item-none elementor-repeater-item-none_hover jltma-glass-effect-no\" data-id=\"39948f5\" data-element_type=\"column\" data-e-type=\"column\">\n\t\t\t<div class=\"elementor-widget-wrap elementor-element-populated\">\n\t\t\t\t\t\t<div class=\"elementor-element elementor-element-ec7bd3d elementor-hidden-mobile elementor-widget-mobile__width-initial elementor-hidden-tablet jltma-glass-effect-no elementor-repeater-item-none elementor-repeater-item-none_hover elementor-invisible elementor-widget elementor-widget-text-editor\" data-id=\"ec7bd3d\" data-element_type=\"widget\" data-e-type=\"widget\" data-settings=\"{&quot;_animation&quot;:&quot;fadeInLeft&quot;}\" data-widget_type=\"text-editor.default\">\n\t\t\t\t<div class=\"elementor-widget-container\">\n\t\t\t\t\t\t\t\t\t<p style=\"text-align: center;\">Le<\/p>\t\t\t\t\t\t\t\t<\/div>\n\t\t\t\t<\/div>\n\t\t\t\t<div class=\"elementor-element elementor-element-82fab9a jltma-glass-effect-no elementor-repeater-item-none elementor-repeater-item-none_hover elementor-invisible elementor-widget elementor-widget-heading\" data-id=\"82fab9a\" data-element_type=\"widget\" data-e-type=\"widget\" data-settings=\"{&quot;_animation&quot;:&quot;fadeInRight&quot;}\" data-widget_type=\"heading.default\">\n\t\t\t\t<div class=\"elementor-widget-container\">\n\t\t\t\t\t<h1 class=\"elementor-heading-title elementor-size-small\">STIMULOPT<\/h1>\t\t\t\t<\/div>\n\t\t\t\t<\/div>\n\t\t\t\t<div class=\"elementor-element elementor-element-32a2d6a elementor-hidden-mobile elementor-widget-mobile__width-initial elementor-hidden-tablet jltma-glass-effect-no elementor-repeater-item-none elementor-repeater-item-none_hover elementor-invisible elementor-widget elementor-widget-text-editor\" data-id=\"32a2d6a\" data-element_type=\"widget\" data-e-type=\"widget\" data-settings=\"{&quot;_animation&quot;:&quot;fadeInLeft&quot;}\" data-widget_type=\"text-editor.default\">\n\t\t\t\t<div class=\"elementor-widget-container\">\n\t\t\t\t\t\t\t\t\t<p><i>Le StimulOpt est le premier dispositif \u00e0 avoir \u00e9t\u00e9 mis \u00e0 disposition la m\u00eame ann\u00e9e que la cr\u00e9ation de Framiral (1991). Il est donc un appareil embl\u00e9matique de notre gamme.<\/i><\/p>\t\t\t\t\t\t\t\t<\/div>\n\t\t\t\t<\/div>\n\t\t\t\t\t<\/div>\n\t\t<\/div>\n\t\t\t\t\t<\/div>\n\t\t<\/section>\n\t\t\t\t<section class=\"elementor-section elementor-top-section elementor-element elementor-element-3f58d22 elementor-section-boxed ang-section-padding-initial elementor-section-height-default elementor-section-height-default elementor-repeater-item-none elementor-repeater-item-none_hover jltma-glass-effect-no\" data-id=\"3f58d22\" data-element_type=\"section\" data-e-type=\"section\" data-settings=\"{&quot;background_background&quot;:&quot;classic&quot;}\">\n\t\t\t\t\t\t<div class=\"elementor-container elementor-column-gap-default\">\n\t\t\t\t\t<div class=\"elementor-column elementor-col-50 elementor-top-column elementor-element elementor-element-fd2781b elementor-repeater-item-none elementor-repeater-item-none_hover jltma-glass-effect-no\" data-id=\"fd2781b\" data-element_type=\"column\" data-e-type=\"column\">\n\t\t\t<div class=\"elementor-widget-wrap elementor-element-populated\">\n\t\t\t\t\t\t<div class=\"elementor-element elementor-element-e422896 elementor-widget-mobile__width-initial jltma-glass-effect-no elementor-repeater-item-none elementor-repeater-item-none_hover elementor-invisible elementor-widget elementor-widget-text-editor\" data-id=\"e422896\" data-element_type=\"widget\" data-e-type=\"widget\" data-settings=\"{&quot;_animation&quot;:&quot;fadeInUp&quot;}\" data-widget_type=\"text-editor.default\">\n\t\t\t\t<div class=\"elementor-widget-container\">\n\t\t\t\t\t\t\t\t\t<p style=\"text-align: center;\"><strong><span style=\"color: #00ccff;\">CARACTERISTIQUES<\/span><\/strong><\/p><p style=\"text-align: center;\"><strong>Un appareil de stimulation optocin\u00e9tique de conception simple, pratique et silencieux, essentiel \u00e0 la r\u00e9\u00e9ducation vestibulaire.<\/strong><\/p><p style=\"text-align: center;\">Ce stimulateur est constitu\u00e9 d\u2019une boule \u00e0 facettes r\u00e9fl\u00e9chissantes \u00e9clair\u00e9e par une source lumineuse, r\u00e9glable en intensit\u00e9, en focalisation, permettant ainsi de varier la surface des t\u00e2ches lumineuses r\u00e9fl\u00e9chies.<\/p><p style=\"text-align: center;\">Cette boule est mobile autour de 2 axes de rotation de fa\u00e7on \u00e0 \u00e9clairer la totalit\u00e9 de la pi\u00e8ce, selon les 3 plans de l\u2019espace : l\u2019int\u00e9gralit\u00e9 du champ visuel est ainsi balay\u00e9e.<\/p><p style=\"text-align: center;\">Chacun des 2 axes est entra\u00een\u00e9 par un moteur \u00e9lectrique tr\u00e8s silencieux pour \u00e9viter de fixer l\u2019attention du patient sur l\u2019origine de la source lumineuse.<\/p><p style=\"text-align: center;\">Ces moteurs peuvent fonctionner dans un sens ou dans l\u2019autre \u00e0 vitesse r\u00e9glable, et l\u2019on peut combiner le mouvement des 2 axes ; moteur et source lumineuse peuvent \u00eatre t\u00e9l\u00e9command\u00e9s.<\/p><p style=\"text-align: center;\">Le nystagmus optocin\u00e9tique est une r\u00e9ponse r\u00e9flexe motrice oculaire \u00e0 un d\u00e9placement de l\u2019ensemble du champ visuel ; la r\u00e9ponse est un nystagmus \u00e0 ressort dont la phase lente est dans la direction du stimulus et la phase rapide est oppos\u00e9e au d\u00e9placement.<\/p><p style=\"text-align: center;\">La stimulation optocin\u00e9tique interf\u00e8re sur le r\u00e9flexe vestibulo-oculaire et le nystagmus optocin\u00e9tique ainsi cr\u00e9\u00e9 agit sur le r\u00e9flexe vestibulo spinal et les muscles de la posture.<\/p><p style=\"text-align: center;\">On peut moduler le sens et la fr\u00e9quence du nystagmus optocin\u00e9tique en variant le sens et la vitesse de rotation de la boule.<\/p><p style=\"text-align: center;\">Cet appareil de r\u00e9\u00e9ducation vestibulaire permet de traiter de nombreux vertiges rotatoires ou d\u2019instabilit\u00e9s et de renforcer la fonction de l\u2019\u00e9quilibration.<\/p>\t\t\t\t\t\t\t\t<\/div>\n\t\t\t\t<\/div>\n\t\t\t\t\t<\/div>\n\t\t<\/div>\n\t\t\t\t<div class=\"elementor-column elementor-col-50 elementor-top-column elementor-element elementor-element-8399c3b elementor-repeater-item-none elementor-repeater-item-none_hover jltma-glass-effect-no\" data-id=\"8399c3b\" data-element_type=\"column\" data-e-type=\"column\">\n\t\t\t<div class=\"elementor-widget-wrap elementor-element-populated\">\n\t\t\t\t\t\t<div class=\"elementor-element elementor-element-d96f0f9 elementor-widget__width-initial elementor-widget-tablet__width-initial elementor-widget-mobile__width-initial external_elementor-repeater-item-none_external jltma-glass-effect-no elementor-repeater-item-none elementor-repeater-item-none_hover elementor-invisible elementor-widget elementor-widget-image\" data-id=\"d96f0f9\" data-element_type=\"widget\" data-e-type=\"widget\" data-settings=\"{&quot;_animation&quot;:&quot;fadeInRight&quot;}\" data-widget_type=\"image.default\">\n\t\t\t\t<div class=\"elementor-widget-container\">\n\t\t\t\t\t\t\t\t\t\t\t\t\t\t\t<img fetchpriority=\"high\" decoding=\"async\" width=\"800\" height=\"600\" src=\"https:\/\/framiral.fr\/web\/wp-content\/uploads\/2022\/02\/stim-1024x768.png\" class=\"attachment-large size-large wp-image-2706\" alt=\"img src=&quot;BOULE OPTOCINETIQUE STIMULOPT&quot;\" srcset=\"https:\/\/framiral.fr\/web\/wp-content\/uploads\/2022\/02\/stim-1024x768.png 1024w, https:\/\/framiral.fr\/web\/wp-content\/uploads\/2022\/02\/stim-300x225.png 300w, https:\/\/framiral.fr\/web\/wp-content\/uploads\/2022\/02\/stim-768x576.png 768w, https:\/\/framiral.fr\/web\/wp-content\/uploads\/2022\/02\/stim-1536x1152.png 1536w, https:\/\/framiral.fr\/web\/wp-content\/uploads\/2022\/02\/stim-2048x1536.png 2048w\" sizes=\"(max-width: 800px) 100vw, 800px\" \/>\t\t\t\t\t\t\t\t\t\t\t\t\t\t\t<\/div>\n\t\t\t\t<\/div>\n\t\t\t\t<div class=\"elementor-element elementor-element-2289ecc elementor-align-center jltma-glass-effect-no elementor-repeater-item-none elementor-repeater-item-none_hover elementor-invisible elementor-widget elementor-widget-button\" data-id=\"2289ecc\" data-element_type=\"widget\" data-e-type=\"widget\" data-settings=\"{&quot;_animation&quot;:&quot;fadeInUp&quot;}\" data-widget_type=\"button.default\">\n\t\t\t\t<div class=\"elementor-widget-container\">\n\t\t\t\t\t\t\t\t\t<div class=\"elementor-button-wrapper\">\n\t\t\t\t\t<a class=\"elementor-button elementor-button-link elementor-size-sm\" href=\"https:\/\/framiral.fr\/web\/wp-content\/uploads\/2025\/05\/MU_ST-FR-v10_Manuel_Utilisateur_Stimulopt.pdf\" target=\"_blank\">\n\t\t\t\t\t\t<span class=\"elementor-button-content-wrapper\">\n\t\t\t\t\t\t\t\t\t<span class=\"elementor-button-text\">Manuel d'utilisation<\/span>\n\t\t\t\t\t<\/span>\n\t\t\t\t\t<\/a>\n\t\t\t\t<\/div>\n\t\t\t\t\t\t\t\t<\/div>\n\t\t\t\t<\/div>\n\t\t\t\t<div class=\"elementor-element elementor-element-79bd12a elementor-widget-tablet__width-initial animated-slow elementor-align-center jltma-glass-effect-no elementor-repeater-item-none elementor-repeater-item-none_hover elementor-invisible elementor-widget elementor-widget-button\" data-id=\"79bd12a\" data-element_type=\"widget\" data-e-type=\"widget\" data-settings=\"{&quot;_animation&quot;:&quot;fadeInUp&quot;}\" data-widget_type=\"button.default\">\n\t\t\t\t<div class=\"elementor-widget-container\">\n\t\t\t\t\t\t\t\t\t<div class=\"elementor-button-wrapper\">\n\t\t\t\t\t<a class=\"elementor-button elementor-button-link elementor-size-sm\" href=\"https:\/\/framiral.fr\/web\/wp-content\/uploads\/2022\/02\/PL_STFO-Plaquette_STIMULOPT-FRAMIOPT-rev018.1.pdf\" target=\"_blank\">\n\t\t\t\t\t\t<span class=\"elementor-button-content-wrapper\">\n\t\t\t\t\t\t\t\t\t<span class=\"elementor-button-text\">Brochure commerciale<\/span>\n\t\t\t\t\t<\/span>\n\t\t\t\t\t<\/a>\n\t\t\t\t<\/div>\n\t\t\t\t\t\t\t\t<\/div>\n\t\t\t\t<\/div>\n\t\t\t\t<div class=\"elementor-element elementor-element-96cd922 elementor-widget__width-initial elementor-widget-tablet__width-initial jltma-glass-effect-no elementor-repeater-item-none elementor-repeater-item-none_hover elementor-invisible elementor-widget elementor-widget-text-editor\" data-id=\"96cd922\" data-element_type=\"widget\" data-e-type=\"widget\" data-settings=\"{&quot;_animation&quot;:&quot;fadeInUp&quot;}\" data-widget_type=\"text-editor.default\">\n\t\t\t\t<div class=\"elementor-widget-container\">\n\t\t\t\t\t\t\t\t\t<p style=\"text-align: center;\"><strong><span style=\"color: #00ccff;\">GENERALITES<\/span><\/strong><\/p><p style=\"text-align: center;\">\u2022 Dimensions : 450 x 300 x 300 mm<br \/>\u2022 Poids : 3 Kgs<br \/>\u2022 Alimentation :<br \/>&#8211; Entr\u00e9e : 100-240V \/ 50-60Hz \/0,5A<br \/>&#8211; Sortie : 12,0V \/ 1,25A<br \/>\u2022 Ampoule basse tension LED<\/p><p style=\"text-align: center;\"><strong><span style=\"color: #00ccff;\">FONCTIONNALITES<\/span><\/strong><\/p><p style=\"text-align: center;\">La boule \u00e0 facettes peut \u00eatre command\u00e9e ind\u00e9pendamment en sens et vitesse sur ses deux axes.<br \/>\u2022 t\u00e9l\u00e9commande infrarouge<br \/>\u2022 informatique ( via logiciel MULTITEST 6 )<br \/>\u2022 \u00e9cran tactile \u00e0 cristaux liquide r\u00e9tro-\u00e9clair\u00e9<\/p><p style=\"text-align: center;\"><strong><span style=\"color: #00ccff;\">CYCLES SPECIAUX<\/span><\/strong><\/p><p style=\"text-align: center;\">\u2022 mode de fonctionnement altern\u00e9 (C1)<br \/>avant\/arri\u00e8re programmable en dur\u00e9e d\u2019utilisation<br \/>\u2022 mode de fonctionnement al\u00e9atoire (C2)<br \/>en sens \/ dur\u00e9e \u2013 vitesse inchang\u00e9e<br \/>\u2022 mode de fonctionnement al\u00e9atoire (C3)<br \/>en dur\u00e9e \/ vitesse \u2013 sens inchang\u00e9<br \/>\u2022 mode de fonctionnement al\u00e9atoire (C4)<br \/>en dur\u00e9e \/ vitesse \/ sens<\/p>\t\t\t\t\t\t\t\t<\/div>\n\t\t\t\t<\/div>\n\t\t\t\t\t<\/div>\n\t\t<\/div>\n\t\t\t\t\t<\/div>\n\t\t<\/section>\n\t\t\t\t<section class=\"elementor-section elementor-top-section elementor-element elementor-element-a97c1d2 elementor-section-boxed ang-section-padding-initial elementor-section-height-default elementor-section-height-default elementor-repeater-item-none elementor-repeater-item-none_hover jltma-glass-effect-no\" data-id=\"a97c1d2\" data-element_type=\"section\" data-e-type=\"section\">\n\t\t\t\t\t\t<div class=\"elementor-container elementor-column-gap-default\">\n\t\t\t\t\t<div class=\"elementor-column elementor-col-100 elementor-top-column elementor-element elementor-element-1cc0a45 elementor-repeater-item-none elementor-repeater-item-none_hover jltma-glass-effect-no\" data-id=\"1cc0a45\" data-element_type=\"column\" data-e-type=\"column\">\n\t\t\t<div class=\"elementor-widget-wrap elementor-element-populated\">\n\t\t\t\t\t\t<div class=\"elementor-element elementor-element-925251c animated-slow elementor-widget-divider--view-line jltma-glass-effect-no elementor-repeater-item-none elementor-repeater-item-none_hover elementor-invisible elementor-widget elementor-widget-divider\" data-id=\"925251c\" data-element_type=\"widget\" data-e-type=\"widget\" data-settings=\"{&quot;_animation&quot;:&quot;fadeInUp&quot;}\" data-widget_type=\"divider.default\">\n\t\t\t\t<div class=\"elementor-widget-container\">\n\t\t\t\t\t\t\t<div class=\"elementor-divider\">\n\t\t\t<span class=\"elementor-divider-separator\">\n\t\t\t\t\t\t<\/span>\n\t\t<\/div>\n\t\t\t\t\t\t<\/div>\n\t\t\t\t<\/div>\n\t\t\t\t\t<\/div>\n\t\t<\/div>\n\t\t\t\t\t<\/div>\n\t\t<\/section>\n\t\t\t\t<section class=\"elementor-section elementor-top-section elementor-element elementor-element-ddd6fd9 elementor-section-boxed ang-section-padding-initial elementor-section-height-default elementor-section-height-default elementor-repeater-item-none elementor-repeater-item-none_hover jltma-glass-effect-no\" data-id=\"ddd6fd9\" data-element_type=\"section\" data-e-type=\"section\" data-settings=\"{&quot;background_background&quot;:&quot;classic&quot;}\">\n\t\t\t\t\t\t<div class=\"elementor-container elementor-column-gap-default\">\n\t\t\t\t\t<div class=\"elementor-column elementor-col-100 elementor-top-column elementor-element elementor-element-d9c981a elementor-repeater-item-none elementor-repeater-item-none_hover jltma-glass-effect-no\" data-id=\"d9c981a\" data-element_type=\"column\" data-e-type=\"column\">\n\t\t\t<div class=\"elementor-widget-wrap elementor-element-populated\">\n\t\t\t\t\t\t<div class=\"elementor-element elementor-element-6226134 elementor-widget-mobile__width-initial e-transform jltma-glass-effect-no elementor-repeater-item-none elementor-repeater-item-none_hover elementor-invisible elementor-widget elementor-widget-heading\" data-id=\"6226134\" data-element_type=\"widget\" data-e-type=\"widget\" data-settings=\"{&quot;_animation&quot;:&quot;zoomIn&quot;,&quot;_transform_scale_effect&quot;:{&quot;unit&quot;:&quot;px&quot;,&quot;size&quot;:1.4,&quot;sizes&quot;:[]},&quot;_transform_scale_effect_tablet&quot;:{&quot;unit&quot;:&quot;px&quot;,&quot;size&quot;:&quot;&quot;,&quot;sizes&quot;:[]},&quot;_transform_scale_effect_mobile&quot;:{&quot;unit&quot;:&quot;px&quot;,&quot;size&quot;:&quot;&quot;,&quot;sizes&quot;:[]}}\" data-widget_type=\"heading.default\">\n\t\t\t\t<div class=\"elementor-widget-container\">\n\t\t\t\t\t<h2 class=\"elementor-heading-title elementor-size-default\">Vid\u00e9o tuto Stimulopt<\/h2>\t\t\t\t<\/div>\n\t\t\t\t<\/div>\n\t\t\t\t\t<\/div>\n\t\t<\/div>\n\t\t\t\t\t<\/div>\n\t\t<\/section>\n\t\t\t\t<section class=\"elementor-section elementor-top-section elementor-element elementor-element-069583e elementor-section-boxed ang-section-padding-initial elementor-section-height-default elementor-section-height-default elementor-repeater-item-none elementor-repeater-item-none_hover jltma-glass-effect-no\" data-id=\"069583e\" data-element_type=\"section\" data-e-type=\"section\" data-settings=\"{&quot;background_background&quot;:&quot;classic&quot;}\">\n\t\t\t\t\t\t<div class=\"elementor-container elementor-column-gap-default\">\n\t\t\t\t\t<div class=\"elementor-column elementor-col-50 elementor-top-column elementor-element elementor-element-a78ff49 elementor-repeater-item-none elementor-repeater-item-none_hover jltma-glass-effect-no\" data-id=\"a78ff49\" data-element_type=\"column\" data-e-type=\"column\">\n\t\t\t<div class=\"elementor-widget-wrap elementor-element-populated\">\n\t\t\t\t\t\t<div class=\"elementor-element elementor-element-b437c45 elementor-widget__width-initial jltma-glass-effect-no elementor-repeater-item-none elementor-repeater-item-none_hover elementor-widget elementor-widget-text-editor\" data-id=\"b437c45\" data-element_type=\"widget\" data-e-type=\"widget\" data-widget_type=\"text-editor.default\">\n\t\t\t\t<div class=\"elementor-widget-container\">\n\t\t\t\t\t\t\t\t\t<p style=\"text-align: center;\"><span style=\"color: var( --e-global-color-text ); font-family: var( --e-global-typography-text-font-family ), Sans-serif; font-weight: var( --e-global-typography-text-font-weight ); font-size: 1rem;\">Bienvenue sur la page d\u00e9di\u00e9e \u00e0 l\u2019accompagnement de votre <\/span><strong style=\"color: var( --e-global-color-text ); font-family: var( --e-global-typography-text-font-family ), Sans-serif; font-size: 1rem;\" data-start=\"293\" data-end=\"307\">Stimulopt<\/strong><span style=\"color: var( --e-global-color-text ); font-family: var( --e-global-typography-text-font-family ), Sans-serif; font-weight: var( --e-global-typography-text-font-weight ); font-size: 1rem;\">.<\/span><\/p><p class=\"\" style=\"text-align: center;\" data-start=\"236\" data-end=\"514\">Dans cette vid\u00e9o :<\/p><h4 class=\"\" style=\"text-align: center;\" data-start=\"516\" data-end=\"548\">\ud83d\udd27 Installation pas \u00e0 pas<\/h4><h4 class=\"\" style=\"text-align: center;\" data-start=\"792\" data-end=\"829\">\ud83e\udded\u00a0Prise en main de l\u2019appareil<\/h4><h4 class=\"\" style=\"text-align: center;\" data-start=\"792\" data-end=\"829\">\u2757\u00a0Erreurs courantes \u00e0 \u00e9viter<\/h4><p style=\"text-align: center;\" data-start=\"1083\" data-end=\"1230\"><em>Pour assurer une installation efficace et \u00e9viter les dysfonctionnements, nous soulignons \u00e9galement les erreurs fr\u00e9quemment rencontr\u00e9es, notamment :<\/em><\/p><ul style=\"text-align: center;\" data-start=\"1231\" data-end=\"1477\"><li class=\"\" data-start=\"1231\" data-end=\"1283\"><p data-start=\"1233\" data-end=\"1283\"><em>Le non-respect de l\u2019ordre d\u2019assemblage recommand\u00e9,<\/em><\/p><\/li><li class=\"\" data-start=\"1284\" data-end=\"1326\"><p data-start=\"1286\" data-end=\"1326\"><em>Une alimentation incorrecte ou instable,<\/em><\/p><\/li><li class=\"\" data-start=\"1327\" data-end=\"1413\"><p data-start=\"1329\" data-end=\"1413\"><em>L\u2019omission de certaines v\u00e9rifications pr\u00e9alables (calibrage, fixations, connexions),<\/em><\/p><\/li><li class=\"\" data-start=\"1414\" data-end=\"1477\"><p data-start=\"1416\" data-end=\"1477\"><em>L\u2019utilisation de composants non compatibles ou non certifi\u00e9s.<\/em><\/p><\/li><\/ul><p style=\"text-align: center;\" data-start=\"1479\" data-end=\"1623\"><em>Nous vous invitons \u00e0 pr\u00eater une attention particuli\u00e8re \u00e0 ces points afin de garantir le bon fonctionnement et la durabilit\u00e9 de votre Stimulopt.<\/em><\/p>\t\t\t\t\t\t\t\t<\/div>\n\t\t\t\t<\/div>\n\t\t\t\t\t<\/div>\n\t\t<\/div>\n\t\t\t\t<div class=\"elementor-column elementor-col-50 elementor-top-column elementor-element elementor-element-e4df923 elementor-repeater-item-none elementor-repeater-item-none_hover jltma-glass-effect-no\" data-id=\"e4df923\" data-element_type=\"column\" data-e-type=\"column\">\n\t\t\t<div class=\"elementor-widget-wrap elementor-element-populated\">\n\t\t\t\t\t\t<div class=\"elementor-element elementor-element-6336883 elementor-repeater-item-shadow_2 jltma-glass-effect-no elementor-repeater-item-none_hover elementor-widget elementor-widget-video\" data-id=\"6336883\" data-element_type=\"widget\" data-e-type=\"widget\" data-settings=\"{&quot;youtube_url&quot;:&quot;https:\\\/\\\/www.youtube.com\\\/watch?v=eUPVfpgcWGI&amp;t=17s&quot;,&quot;video_type&quot;:&quot;youtube&quot;,&quot;controls&quot;:&quot;yes&quot;}\" data-widget_type=\"video.default\">\n\t\t\t\t<div class=\"elementor-widget-container\">\n\t\t\t\t\t\t\t<div class=\"elementor-wrapper elementor-open-inline\">\n\t\t\t<div class=\"elementor-video\"><\/div>\t\t<\/div>\n\t\t\t\t\t\t<\/div>\n\t\t\t\t<\/div>\n\t\t\t\t<div class=\"elementor-element elementor-element-02f4bd8 jltma-glass-effect-no elementor-repeater-item-none elementor-repeater-item-none_hover elementor-widget elementor-widget-copyright\" data-id=\"02f4bd8\" data-element_type=\"widget\" data-e-type=\"widget\" data-widget_type=\"copyright.default\">\n\t\t\t\t<div class=\"elementor-widget-container\">\n\t\t\t\t\t\t\t<div class=\"hfe-copyright-wrapper\">\n\t\t\t\t\t\t\t<span>Copyright \u00a9 2026 Framiral | Propuls\u00e9 par Framiral<\/span>\n\t\t\t\t\t<\/div>\n\t\t\t\t\t\t<\/div>\n\t\t\t\t<\/div>\n\t\t\t\t<div class=\"elementor-element elementor-element-0bf3f01 jltma-glass-effect-no elementor-repeater-item-none elementor-repeater-item-none_hover elementor-widget elementor-widget-spacer\" data-id=\"0bf3f01\" data-element_type=\"widget\" data-e-type=\"widget\" data-widget_type=\"spacer.default\">\n\t\t\t\t<div class=\"elementor-widget-container\">\n\t\t\t\t\t\t\t<div class=\"elementor-spacer\">\n\t\t\t<div class=\"elementor-spacer-inner\"><\/div>\n\t\t<\/div>\n\t\t\t\t\t\t<\/div>\n\t\t\t\t<\/div>\n\t\t\t\t<div class=\"elementor-element elementor-element-9df1e3d jltma-glass-effect-no elementor-repeater-item-none elementor-repeater-item-none_hover elementor-widget elementor-widget-text-editor\" data-id=\"9df1e3d\" data-element_type=\"widget\" data-e-type=\"widget\" data-widget_type=\"text-editor.default\">\n\t\t\t\t<div class=\"elementor-widget-container\">\n\t\t\t\t\t\t\t\t\t<p style=\"text-align: center;\"><a href=\"http:\/\/youtube.com\/@FRAMIRAL-x9k?sub_confirmation=1\" target=\"_blank\" rel=\"noopener\">FRAMIRAL sur YouTube<\/a><\/p>\t\t\t\t\t\t\t\t<\/div>\n\t\t\t\t<\/div>\n\t\t\t\t\t<\/div>\n\t\t<\/div>\n\t\t\t\t\t<\/div>\n\t\t<\/section>\n\t\t\t\t<\/div>\n\t\t","protected":false},"excerpt":{"rendered":"<p>Le STIMULOPT Le StimulOpt est le premier dispositif \u00e0 avoir \u00e9t\u00e9 mis \u00e0 disposition la m\u00eame ann\u00e9e que la cr\u00e9ation de Framiral (1991). Il est donc un appareil embl\u00e9matique de [&hellip;]<\/p>\n","protected":false},"author":1,"featured_media":0,"parent":0,"menu_order":0,"comment_status":"closed","ping_status":"closed","template":"","meta":{"footnotes":""},"class_list":["post-77","page","type-page","status-publish","hentry"],"_links":{"self":[{"href":"https:\/\/framiral.fr\/web\/wp-json\/wp\/v2\/pages\/77","targetHints":{"allow":["GET"]}}],"collection":[{"href":"https:\/\/framiral.fr\/web\/wp-json\/wp\/v2\/pages"}],"about":[{"href":"https:\/\/framiral.fr\/web\/wp-json\/wp\/v2\/types\/page"}],"author":[{"embeddable":true,"href":"https:\/\/framiral.fr\/web\/wp-json\/wp\/v2\/users\/1"}],"replies":[{"embeddable":true,"href":"https:\/\/framiral.fr\/web\/wp-json\/wp\/v2\/comments?post=77"}],"version-history":[{"count":24,"href":"https:\/\/framiral.fr\/web\/wp-json\/wp\/v2\/pages\/77\/revisions"}],"predecessor-version":[{"id":16499,"href":"https:\/\/framiral.fr\/web\/wp-json\/wp\/v2\/pages\/77\/revisions\/16499"}],"wp:attachment":[{"href":"https:\/\/framiral.fr\/web\/wp-json\/wp\/v2\/media?parent=77"}],"curies":[{"name":"wp","href":"https:\/\/api.w.org\/{rel}","templated":true}]}}