{"id":79,"date":"2022-01-10T17:15:33","date_gmt":"2022-01-10T16:15:33","guid":{"rendered":"https:\/\/framiral.fr\/web\/?page_id=79"},"modified":"2025-10-17T12:30:55","modified_gmt":"2025-10-17T10:30:55","slug":"regled","status":"publish","type":"page","link":"https:\/\/framiral.fr\/web\/regled\/","title":{"rendered":"RegLed"},"content":{"rendered":"\t\t<div data-elementor-type=\"wp-page\" data-elementor-id=\"79\" class=\"elementor elementor-79\">\n\t\t\t\t\t\t<section class=\"elementor-section elementor-top-section elementor-element elementor-element-bff87da elementor-section-boxed ang-section-padding-initial elementor-section-height-default elementor-section-height-default elementor-repeater-item-none elementor-repeater-item-none_hover jltma-glass-effect-no\" data-id=\"bff87da\" data-element_type=\"section\" data-e-type=\"section\" data-settings=\"{&quot;background_background&quot;:&quot;classic&quot;}\">\n\t\t\t\t\t\t<div class=\"elementor-container elementor-column-gap-default\">\n\t\t\t\t\t<div class=\"elementor-column elementor-col-100 elementor-top-column elementor-element elementor-element-ae71d52 elementor-repeater-item-none elementor-repeater-item-none_hover jltma-glass-effect-no\" data-id=\"ae71d52\" data-element_type=\"column\" data-e-type=\"column\">\n\t\t\t<div class=\"elementor-widget-wrap elementor-element-populated\">\n\t\t\t\t\t\t<div class=\"elementor-element elementor-element-c1aa100 elementor-hidden-mobile elementor-widget-tablet__width-initial jltma-glass-effect-no elementor-repeater-item-none elementor-repeater-item-none_hover elementor-invisible elementor-widget elementor-widget-text-editor\" data-id=\"c1aa100\" data-element_type=\"widget\" data-e-type=\"widget\" data-settings=\"{&quot;_animation&quot;:&quot;fadeInLeft&quot;}\" data-widget_type=\"text-editor.default\">\n\t\t\t\t<div class=\"elementor-widget-container\">\n\t\t\t\t\t\t\t\t\t<p style=\"text-align: center;\">La<\/p>\t\t\t\t\t\t\t\t<\/div>\n\t\t\t\t<\/div>\n\t\t\t\t<div class=\"elementor-element elementor-element-06d58fd elementor-widget-tablet__width-initial jltma-glass-effect-no elementor-repeater-item-none elementor-repeater-item-none_hover elementor-invisible elementor-widget elementor-widget-text-editor\" data-id=\"06d58fd\" data-element_type=\"widget\" data-e-type=\"widget\" data-settings=\"{&quot;_animation&quot;:&quot;fadeInRight&quot;}\" data-widget_type=\"text-editor.default\">\n\t\t\t\t<div class=\"elementor-widget-container\">\n\t\t\t\t\t\t\t\t\t<p>REGLED<\/p>\t\t\t\t\t\t\t\t<\/div>\n\t\t\t\t<\/div>\n\t\t\t\t<div class=\"elementor-element elementor-element-33560f9 animated-slow elementor-widget-divider--view-line jltma-glass-effect-no elementor-repeater-item-none elementor-repeater-item-none_hover elementor-invisible elementor-widget elementor-widget-divider\" data-id=\"33560f9\" data-element_type=\"widget\" data-e-type=\"widget\" data-settings=\"{&quot;_animation&quot;:&quot;fadeInLeft&quot;}\" data-widget_type=\"divider.default\">\n\t\t\t\t<div class=\"elementor-widget-container\">\n\t\t\t\t\t\t\t<div class=\"elementor-divider\">\n\t\t\t<span class=\"elementor-divider-separator\">\n\t\t\t\t\t\t<\/span>\n\t\t<\/div>\n\t\t\t\t\t\t<\/div>\n\t\t\t\t<\/div>\n\t\t\t\t\t<\/div>\n\t\t<\/div>\n\t\t\t\t\t<\/div>\n\t\t<\/section>\n\t\t\t\t<section class=\"elementor-section elementor-top-section elementor-element elementor-element-6f7ca41 elementor-section-boxed ang-section-padding-initial elementor-section-height-default elementor-section-height-default elementor-repeater-item-none elementor-repeater-item-none_hover jltma-glass-effect-no\" data-id=\"6f7ca41\" data-element_type=\"section\" data-e-type=\"section\">\n\t\t\t\t\t\t<div class=\"elementor-container elementor-column-gap-default\">\n\t\t\t\t\t<div class=\"elementor-column elementor-col-50 elementor-top-column elementor-element elementor-element-4dd6fdd elementor-repeater-item-none elementor-repeater-item-none_hover jltma-glass-effect-no\" data-id=\"4dd6fdd\" data-element_type=\"column\" data-e-type=\"column\">\n\t\t\t<div class=\"elementor-widget-wrap elementor-element-populated\">\n\t\t\t\t\t\t<div class=\"elementor-element elementor-element-1ef1d48 animated-slow elementor-widget-mobile__width-initial elementor-widget-tablet__width-initial jltma-glass-effect-no elementor-repeater-item-none elementor-repeater-item-none_hover elementor-invisible elementor-widget elementor-widget-text-editor\" data-id=\"1ef1d48\" data-element_type=\"widget\" data-e-type=\"widget\" data-settings=\"{&quot;_animation&quot;:&quot;fadeInUp&quot;}\" data-widget_type=\"text-editor.default\">\n\t\t\t\t<div class=\"elementor-widget-container\">\n\t\t\t\t\t\t\t\t\t<p style=\"text-align: center;\"><strong style=\"text-align: center;\"><span style=\"color: #00ccff;\">GENERALITES<\/span><\/strong><\/p><p style=\"text-align: center;\">\u2022 Dimensions : 1100 x 65 x 65 mm (hors pied de fixation)<br \/>\u2022 Longueur utile de la rampe lumineuse : 960 mm<\/p><p style=\"text-align: center;\">\u2022 nombre de points :126<br \/>\u2022 Poids : 1 Kg<br \/>\u2022 Alimentation par bloc secteur externe 230V et piles 9V<\/p><p style=\"text-align: center;\">\u2022 Vitesse de d\u00e9filement r\u00e9glable<br \/>\u2022 S : Mode SINUS sur M1, M2, M3<br \/>\u2022 F et L : R\u00e9glage de la largeur et de la fen\u00eatre de d\u00e9filement<br \/>\u2022 T\u00e9l\u00e9commande infrarouge<br \/>\u2022 Affichage \u00e9ph\u00e9m\u00e8re du mode<br \/>s\u00e9lectionn\u00e9. 3\u00a0secondes sur \u00e9cran num\u00e9rique<br \/>\u2022 Peut se coupler avec le<b><a title=\"HeadPointer\" href=\"https:\/\/framiral.fr\/web\/headpointer\/\">\u00a0Head pointer<\/a><\/b><\/p>\t\t\t\t\t\t\t\t<\/div>\n\t\t\t\t<\/div>\n\t\t\t\t<div class=\"elementor-element elementor-element-2c3d44d elementor-widget-tablet__width-initial elementor-hidden-mobile elementor-align-center jltma-glass-effect-no elementor-repeater-item-none elementor-repeater-item-none_hover elementor-invisible elementor-widget elementor-widget-button\" data-id=\"2c3d44d\" data-element_type=\"widget\" data-e-type=\"widget\" data-settings=\"{&quot;_animation&quot;:&quot;fadeInLeft&quot;}\" data-widget_type=\"button.default\">\n\t\t\t\t<div class=\"elementor-widget-container\">\n\t\t\t\t\t\t\t\t\t<div class=\"elementor-button-wrapper\">\n\t\t\t\t\t<a class=\"elementor-button elementor-button-link elementor-size-sm\" href=\"https:\/\/framiral.fr\/web\/wp-content\/uploads\/2022\/02\/PL_RLFC-Plaquette_REGLED-FRAMICIBLE-rev018.1.pdf\" target=\"_blank\">\n\t\t\t\t\t\t<span class=\"elementor-button-content-wrapper\">\n\t\t\t\t\t\t\t\t\t<span class=\"elementor-button-text\">Brochure commerciale<\/span>\n\t\t\t\t\t<\/span>\n\t\t\t\t\t<\/a>\n\t\t\t\t<\/div>\n\t\t\t\t\t\t\t\t<\/div>\n\t\t\t\t<\/div>\n\t\t\t\t<div class=\"elementor-element elementor-element-512a988 elementor-hidden-mobile elementor-align-center jltma-glass-effect-no elementor-repeater-item-none elementor-repeater-item-none_hover elementor-invisible elementor-widget elementor-widget-button\" data-id=\"512a988\" data-element_type=\"widget\" data-e-type=\"widget\" data-settings=\"{&quot;_animation&quot;:&quot;fadeInLeft&quot;}\" data-widget_type=\"button.default\">\n\t\t\t\t<div class=\"elementor-widget-container\">\n\t\t\t\t\t\t\t\t\t<div class=\"elementor-button-wrapper\">\n\t\t\t\t\t<a class=\"elementor-button elementor-button-link elementor-size-sm\" href=\"https:\/\/framiral.fr\/web\/wp-content\/uploads\/2025\/05\/MU_RL-FR-v11_Manuel_Utilisateur_Regled.pdf\" target=\"_blank\">\n\t\t\t\t\t\t<span class=\"elementor-button-content-wrapper\">\n\t\t\t\t\t\t\t\t\t<span class=\"elementor-button-text\">Manuel d'utilisation<\/span>\n\t\t\t\t\t<\/span>\n\t\t\t\t\t<\/a>\n\t\t\t\t<\/div>\n\t\t\t\t\t\t\t\t<\/div>\n\t\t\t\t<\/div>\n\t\t\t\t\t<\/div>\n\t\t<\/div>\n\t\t\t\t<div class=\"elementor-column elementor-col-50 elementor-top-column elementor-element elementor-element-9704e39 elementor-repeater-item-none elementor-repeater-item-none_hover jltma-glass-effect-no\" data-id=\"9704e39\" data-element_type=\"column\" data-e-type=\"column\">\n\t\t\t<div class=\"elementor-widget-wrap elementor-element-populated\">\n\t\t\t\t\t\t<div class=\"elementor-element elementor-element-ce4db26 animated-slow elementor-widget-mobile__width-initial external_elementor-repeater-item-none_external jltma-glass-effect-no elementor-repeater-item-none elementor-repeater-item-none_hover elementor-invisible elementor-widget elementor-widget-image\" data-id=\"ce4db26\" data-element_type=\"widget\" data-e-type=\"widget\" data-settings=\"{&quot;_animation&quot;:&quot;fadeInRight&quot;}\" data-widget_type=\"image.default\">\n\t\t\t\t<div class=\"elementor-widget-container\">\n\t\t\t\t\t\t\t\t\t\t\t\t\t\t\t<img fetchpriority=\"high\" decoding=\"async\" width=\"800\" height=\"134\" src=\"https:\/\/framiral.fr\/web\/wp-content\/uploads\/2022\/01\/regled-1024x172.png\" class=\"attachment-large size-large wp-image-2338\" alt=\"img src=&quot;regled medical&quot;\" srcset=\"https:\/\/framiral.fr\/web\/wp-content\/uploads\/2022\/01\/regled-1024x172.png 1024w, https:\/\/framiral.fr\/web\/wp-content\/uploads\/2022\/01\/regled-300x50.png 300w, https:\/\/framiral.fr\/web\/wp-content\/uploads\/2022\/01\/regled-768x129.png 768w, https:\/\/framiral.fr\/web\/wp-content\/uploads\/2022\/01\/regled-1536x258.png 1536w, https:\/\/framiral.fr\/web\/wp-content\/uploads\/2022\/01\/regled-2048x344.png 2048w\" sizes=\"(max-width: 800px) 100vw, 800px\" \/>\t\t\t\t\t\t\t\t\t\t\t\t\t\t\t<\/div>\n\t\t\t\t<\/div>\n\t\t\t\t<div class=\"elementor-element elementor-element-1c3e560 elementor-widget-mobile__width-initial elementor-widget-tablet__width-initial jltma-glass-effect-no elementor-repeater-item-none elementor-repeater-item-none_hover elementor-invisible elementor-widget elementor-widget-text-editor\" data-id=\"1c3e560\" data-element_type=\"widget\" data-e-type=\"widget\" data-settings=\"{&quot;_animation&quot;:&quot;fadeInUp&quot;}\" data-widget_type=\"text-editor.default\">\n\t\t\t\t<div class=\"elementor-widget-container\">\n\t\t\t\t\t\t\t\t\t<p style=\"text-align: center;\"><b>Rampe de diodes \u00e9lectro-luminescentes (LED) permettant d\u2019effectuer des poursuites lentes, saccadiques, horizontales, verticales ou obliques (synchronisme t\u00eate\/oeil).<\/b><\/p><p style=\"text-align: center;\"><strong style=\"text-align: center;\"><span style=\"color: #00ccff;\"><br \/>FONCTIONNALITES<\/span><\/strong><\/p><p style=\"text-align: center;\">La r\u00e8gle lumineuse t\u00e9l\u00e9command\u00e9e peut fonctionner selon plusieurs modes :<\/p><p><b>M1<\/b>\u00a0: d\u00e9placement Droite-Gauche<br \/><b>M2<\/b>\u00a0: d\u00e9placement Gauche-Droite<br \/><b>M3<\/b>\u00a0: d\u00e9placement altern\u00e9<br \/><b>M4<\/b>\u00a0: d\u00e9placement al\u00e9atoire<br \/><b>M5<\/b>\u00a0: poursuite al\u00e9atoire : le mode de d\u00e9filement du point lumineux n\u2019est pas pr\u00e9dicable, ni en sens, ni en dur\u00e9e, ni en vitesse<br \/><b>M6 \/ M7<\/b>\u00a0: rotations extr\u00eames de la t\u00eate, fr\u00e9quentielles ou al\u00e9atoires<\/p>\t\t\t\t\t\t\t\t<\/div>\n\t\t\t\t<\/div>\n\t\t\t\t<div class=\"elementor-element elementor-element-b605a82 animated-slow elementor-absolute e-transform external_elementor-repeater-item-none_external jltma-glass-effect-no elementor-repeater-item-none elementor-repeater-item-none_hover elementor-invisible elementor-widget elementor-widget-image\" data-id=\"b605a82\" data-element_type=\"widget\" data-e-type=\"widget\" data-settings=\"{&quot;_animation&quot;:&quot;fadeInRight&quot;,&quot;_position&quot;:&quot;absolute&quot;,&quot;_transform_scale_effect&quot;:{&quot;unit&quot;:&quot;px&quot;,&quot;size&quot;:0.3,&quot;sizes&quot;:[]},&quot;_transform_scale_effect_tablet&quot;:{&quot;unit&quot;:&quot;px&quot;,&quot;size&quot;:&quot;&quot;,&quot;sizes&quot;:[]},&quot;_transform_scale_effect_mobile&quot;:{&quot;unit&quot;:&quot;px&quot;,&quot;size&quot;:&quot;&quot;,&quot;sizes&quot;:[]}}\" data-widget_type=\"image.default\">\n\t\t\t\t<div class=\"elementor-widget-container\">\n\t\t\t\t\t\t\t\t\t\t\t\t\t\t\t<img decoding=\"async\" src=\"https:\/\/framiral.fr\/web\/wp-content\/uploads\/2024\/07\/Greenlenslfare.png\" title=\"\" alt=\"\" loading=\"lazy\" \/>\t\t\t\t\t\t\t\t\t\t\t\t\t\t\t<\/div>\n\t\t\t\t<\/div>\n\t\t\t\t\t<\/div>\n\t\t<\/div>\n\t\t\t\t\t<\/div>\n\t\t<\/section>\n\t\t\t\t<section class=\"elementor-section elementor-top-section elementor-element elementor-element-d69d64d elementor-section-boxed ang-section-padding-initial elementor-section-height-default elementor-section-height-default elementor-repeater-item-none elementor-repeater-item-none_hover jltma-glass-effect-no\" data-id=\"d69d64d\" data-element_type=\"section\" data-e-type=\"section\">\n\t\t\t\t\t\t<div class=\"elementor-container elementor-column-gap-default\">\n\t\t\t\t\t<div class=\"elementor-column elementor-col-100 elementor-top-column elementor-element elementor-element-2720a31 elementor-repeater-item-none elementor-repeater-item-none_hover jltma-glass-effect-no\" data-id=\"2720a31\" data-element_type=\"column\" data-e-type=\"column\">\n\t\t\t<div class=\"elementor-widget-wrap elementor-element-populated\">\n\t\t\t\t\t\t<div class=\"elementor-element elementor-element-b46474f elementor-widget-divider--view-line jltma-glass-effect-no elementor-repeater-item-none elementor-repeater-item-none_hover elementor-widget elementor-widget-divider\" data-id=\"b46474f\" data-element_type=\"widget\" data-e-type=\"widget\" data-widget_type=\"divider.default\">\n\t\t\t\t<div class=\"elementor-widget-container\">\n\t\t\t\t\t\t\t<div class=\"elementor-divider\">\n\t\t\t<span class=\"elementor-divider-separator\">\n\t\t\t\t\t\t<\/span>\n\t\t<\/div>\n\t\t\t\t\t\t<\/div>\n\t\t\t\t<\/div>\n\t\t\t\t\t<\/div>\n\t\t<\/div>\n\t\t\t\t\t<\/div>\n\t\t<\/section>\n\t\t\t\t<section class=\"elementor-section elementor-top-section elementor-element elementor-element-b7d7d1c elementor-section-boxed ang-section-padding-initial elementor-section-height-default elementor-section-height-default elementor-repeater-item-none elementor-repeater-item-none_hover jltma-glass-effect-no\" data-id=\"b7d7d1c\" data-element_type=\"section\" data-e-type=\"section\" data-settings=\"{&quot;background_background&quot;:&quot;classic&quot;}\">\n\t\t\t\t\t\t<div class=\"elementor-container elementor-column-gap-default\">\n\t\t\t\t\t<div class=\"elementor-column elementor-col-100 elementor-top-column elementor-element elementor-element-240d037 elementor-repeater-item-none elementor-repeater-item-none_hover jltma-glass-effect-no\" data-id=\"240d037\" data-element_type=\"column\" data-e-type=\"column\">\n\t\t\t<div class=\"elementor-widget-wrap elementor-element-populated\">\n\t\t\t\t\t\t<div class=\"elementor-element elementor-element-3c29f99 elementor-widget-mobile__width-initial e-transform jltma-glass-effect-no elementor-repeater-item-none elementor-repeater-item-none_hover elementor-invisible elementor-widget elementor-widget-heading\" data-id=\"3c29f99\" data-element_type=\"widget\" data-e-type=\"widget\" data-settings=\"{&quot;_animation&quot;:&quot;zoomIn&quot;,&quot;_transform_scale_effect&quot;:{&quot;unit&quot;:&quot;px&quot;,&quot;size&quot;:1.4,&quot;sizes&quot;:[]},&quot;_transform_scale_effect_tablet&quot;:{&quot;unit&quot;:&quot;px&quot;,&quot;size&quot;:&quot;&quot;,&quot;sizes&quot;:[]},&quot;_transform_scale_effect_mobile&quot;:{&quot;unit&quot;:&quot;px&quot;,&quot;size&quot;:&quot;&quot;,&quot;sizes&quot;:[]}}\" data-widget_type=\"heading.default\">\n\t\t\t\t<div class=\"elementor-widget-container\">\n\t\t\t\t\t<h2 class=\"elementor-heading-title elementor-size-default\">Vid\u00e9o tuto framieyexplor<\/h2>\t\t\t\t<\/div>\n\t\t\t\t<\/div>\n\t\t\t\t\t<\/div>\n\t\t<\/div>\n\t\t\t\t\t<\/div>\n\t\t<\/section>\n\t\t\t\t<section class=\"elementor-section elementor-top-section elementor-element elementor-element-1988d40 elementor-section-boxed ang-section-padding-initial elementor-section-height-default elementor-section-height-default elementor-repeater-item-none elementor-repeater-item-none_hover jltma-glass-effect-no\" data-id=\"1988d40\" data-element_type=\"section\" data-e-type=\"section\" data-settings=\"{&quot;background_background&quot;:&quot;classic&quot;}\">\n\t\t\t\t\t\t<div class=\"elementor-container elementor-column-gap-default\">\n\t\t\t\t\t<div class=\"elementor-column elementor-col-50 elementor-top-column elementor-element elementor-element-0f0b3c2 elementor-repeater-item-none elementor-repeater-item-none_hover jltma-glass-effect-no\" data-id=\"0f0b3c2\" data-element_type=\"column\" data-e-type=\"column\">\n\t\t\t<div class=\"elementor-widget-wrap elementor-element-populated\">\n\t\t\t\t\t\t<div class=\"elementor-element elementor-element-4f805c9 jltma-glass-effect-no elementor-repeater-item-none elementor-repeater-item-none_hover elementor-widget elementor-widget-text-editor\" data-id=\"4f805c9\" data-element_type=\"widget\" data-e-type=\"widget\" data-widget_type=\"text-editor.default\">\n\t\t\t\t<div class=\"elementor-widget-container\">\n\t\t\t\t\t\t\t\t\t<p style=\"text-align: center;\">Dans cette vid\u00e9o, on vous montre pas \u00e0 pas comment installer, brancher et utiliser la <b>REGLED<\/b>.<\/p><p style=\"text-align: center;\">Notre rampe de diodes \u00e9lectro-luminescentes (LED) sp\u00e9cialement con\u00e7ue pour les exercices de poursuites <b>lentes<\/b>, <b>saccadiques<\/b>, <b>horizontales, verticales ou obliques.<\/b>\u00a0<\/p><h6 style=\"text-align: center;\" data-start=\"516\" data-end=\"548\">\ud83d\udd27 Installation pas \u00e0 pas<\/h6><h6 style=\"text-align: center;\" data-start=\"516\" data-end=\"548\"><span style=\"font-size: 1rem;\">\ud83e\udded Prise en main de l\u2019appareil\u00a0<\/span><\/h6><h6 style=\"text-align: center;\" data-start=\"516\" data-end=\"548\">\ud83d\udea8 Erreurs courantes \u00e0 \u00e9viter<\/h6><p style=\"font-size: 13px; text-align: center;\" data-start=\"1083\" data-end=\"1230\"><em>Pour assurer une installation efficace et \u00e9viter les dysfonctionnements, nous soulignons \u00e9galement les erreurs fr\u00e9quemment rencontr\u00e9es, notamment :<\/em><\/p><p style=\"text-align: center;\" data-start=\"1233\" data-end=\"1283\"><em>Le non-respect de l\u2019ordre d\u2019assemblage recommand\u00e9,<\/em><\/p><p style=\"text-align: center;\" data-start=\"1286\" data-end=\"1326\"><em>Une alimentation incorrecte ou instable,<\/em><\/p><p style=\"text-align: center;\" data-start=\"1329\" data-end=\"1413\"><em>L\u2019omission de certaines v\u00e9rifications pr\u00e9alables (calibrage, fixations, connexions)<\/em><\/p><p style=\"text-align: center;\" data-start=\"1416\" data-end=\"1477\"><em>L\u2019utilisation de composants non compatibles ou non certifi\u00e9s.<\/em><\/p><p data-start=\"1416\" data-end=\"1477\">\u00a0<\/p><p style=\"font-size: 13px; text-align: center;\" data-start=\"1479\" data-end=\"1623\"><em>Nous vous invitons \u00e0 pr\u00eater une attention particuli\u00e8re \u00e0 ces points afin de garantir le bon fonctionnement et la durabilit\u00e9 de votre Casque AVD.<\/em><\/p>\t\t\t\t\t\t\t\t<\/div>\n\t\t\t\t<\/div>\n\t\t\t\t\t<\/div>\n\t\t<\/div>\n\t\t\t\t<div class=\"elementor-column elementor-col-50 elementor-top-column elementor-element elementor-element-6e1c9ae elementor-repeater-item-none elementor-repeater-item-none_hover jltma-glass-effect-no\" data-id=\"6e1c9ae\" data-element_type=\"column\" data-e-type=\"column\">\n\t\t\t<div class=\"elementor-widget-wrap elementor-element-populated\">\n\t\t\t\t\t\t<div class=\"elementor-element elementor-element-9d0301d jltma-glass-effect-no elementor-repeater-item-none elementor-repeater-item-none_hover elementor-widget elementor-widget-video\" data-id=\"9d0301d\" data-element_type=\"widget\" data-e-type=\"widget\" data-settings=\"{&quot;youtube_url&quot;:&quot;https:\\\/\\\/youtu.be\\\/T0XVK--I_G8&quot;,&quot;video_type&quot;:&quot;youtube&quot;,&quot;controls&quot;:&quot;yes&quot;}\" data-widget_type=\"video.default\">\n\t\t\t\t<div class=\"elementor-widget-container\">\n\t\t\t\t\t\t\t<div class=\"elementor-wrapper elementor-open-inline\">\n\t\t\t<div class=\"elementor-video\"><\/div>\t\t<\/div>\n\t\t\t\t\t\t<\/div>\n\t\t\t\t<\/div>\n\t\t\t\t<div class=\"elementor-element elementor-element-e5e1f0f jltma-glass-effect-no elementor-repeater-item-none elementor-repeater-item-none_hover elementor-widget elementor-widget-copyright\" data-id=\"e5e1f0f\" data-element_type=\"widget\" data-e-type=\"widget\" data-widget_type=\"copyright.default\">\n\t\t\t\t<div class=\"elementor-widget-container\">\n\t\t\t\t\t\t\t<div class=\"hfe-copyright-wrapper\">\n\t\t\t\t\t\t\t<span>Copyright \u00a9 2026 Framiral | Propuls\u00e9 par Framiral<\/span>\n\t\t\t\t\t<\/div>\n\t\t\t\t\t\t<\/div>\n\t\t\t\t<\/div>\n\t\t\t\t<div class=\"elementor-element elementor-element-c2d12f9 jltma-glass-effect-no elementor-repeater-item-none elementor-repeater-item-none_hover elementor-widget elementor-widget-spacer\" data-id=\"c2d12f9\" data-element_type=\"widget\" data-e-type=\"widget\" data-widget_type=\"spacer.default\">\n\t\t\t\t<div class=\"elementor-widget-container\">\n\t\t\t\t\t\t\t<div class=\"elementor-spacer\">\n\t\t\t<div class=\"elementor-spacer-inner\"><\/div>\n\t\t<\/div>\n\t\t\t\t\t\t<\/div>\n\t\t\t\t<\/div>\n\t\t\t\t<div class=\"elementor-element elementor-element-24818ac jltma-glass-effect-no elementor-repeater-item-none elementor-repeater-item-none_hover elementor-widget elementor-widget-text-editor\" data-id=\"24818ac\" data-element_type=\"widget\" data-e-type=\"widget\" data-widget_type=\"text-editor.default\">\n\t\t\t\t<div class=\"elementor-widget-container\">\n\t\t\t\t\t\t\t\t\t<p style=\"text-align: center;\"><a href=\"https:\/\/www.youtube.com\/@FRAMIRAL-x9k?sub_confirmation=1\" target=\"_blank\" rel=\"noopener\">FRAMIRAL sur YouTube<\/a><\/p>\t\t\t\t\t\t\t\t<\/div>\n\t\t\t\t<\/div>\n\t\t\t\t\t<\/div>\n\t\t<\/div>\n\t\t\t\t\t<\/div>\n\t\t<\/section>\n\t\t\t\t<\/div>\n\t\t","protected":false},"excerpt":{"rendered":"<p>La REGLED GENERALITES \u2022 Dimensions : 1100 x 65 x 65 mm (hors pied de fixation)\u2022 Longueur utile de la rampe lumineuse : 960 mm \u2022 nombre de points :126\u2022 [&hellip;]<\/p>\n","protected":false},"author":1,"featured_media":0,"parent":0,"menu_order":0,"comment_status":"closed","ping_status":"closed","template":"","meta":{"footnotes":""},"class_list":["post-79","page","type-page","status-publish","hentry"],"_links":{"self":[{"href":"https:\/\/framiral.fr\/web\/wp-json\/wp\/v2\/pages\/79","targetHints":{"allow":["GET"]}}],"collection":[{"href":"https:\/\/framiral.fr\/web\/wp-json\/wp\/v2\/pages"}],"about":[{"href":"https:\/\/framiral.fr\/web\/wp-json\/wp\/v2\/types\/page"}],"author":[{"embeddable":true,"href":"https:\/\/framiral.fr\/web\/wp-json\/wp\/v2\/users\/1"}],"replies":[{"embeddable":true,"href":"https:\/\/framiral.fr\/web\/wp-json\/wp\/v2\/comments?post=79"}],"version-history":[{"count":3,"href":"https:\/\/framiral.fr\/web\/wp-json\/wp\/v2\/pages\/79\/revisions"}],"predecessor-version":[{"id":16527,"href":"https:\/\/framiral.fr\/web\/wp-json\/wp\/v2\/pages\/79\/revisions\/16527"}],"wp:attachment":[{"href":"https:\/\/framiral.fr\/web\/wp-json\/wp\/v2\/media?parent=79"}],"curies":[{"name":"wp","href":"https:\/\/api.w.org\/{rel}","templated":true}]}}