{"id":99,"date":"2022-01-10T17:19:45","date_gmt":"2022-01-10T16:19:45","guid":{"rendered":"https:\/\/framiral.fr\/web\/?page_id=99"},"modified":"2025-10-20T10:39:32","modified_gmt":"2025-10-20T08:39:32","slug":"logiciel-fauteuil-rotatoire","status":"publish","type":"page","link":"https:\/\/framiral.fr\/web\/logiciel-fauteuil-rotatoire\/","title":{"rendered":"Logiciel Fauteuil Rotatoire"},"content":{"rendered":"\t\t<div data-elementor-type=\"wp-page\" data-elementor-id=\"99\" class=\"elementor elementor-99\">\n\t\t\t\t\t\t<section class=\"elementor-section elementor-top-section elementor-element elementor-element-d5877c5 elementor-section-boxed ang-section-padding-initial elementor-section-height-default elementor-section-height-default elementor-repeater-item-none elementor-repeater-item-none_hover jltma-glass-effect-no\" data-id=\"d5877c5\" data-element_type=\"section\" data-e-type=\"section\" data-settings=\"{&quot;background_background&quot;:&quot;classic&quot;}\">\n\t\t\t\t\t\t<div class=\"elementor-container elementor-column-gap-default\">\n\t\t\t\t\t<div class=\"elementor-column elementor-col-100 elementor-top-column elementor-element elementor-element-c9accf0 elementor-repeater-item-none elementor-repeater-item-none_hover jltma-glass-effect-no\" data-id=\"c9accf0\" data-element_type=\"column\" data-e-type=\"column\">\n\t\t\t<div class=\"elementor-widget-wrap elementor-element-populated\">\n\t\t\t\t\t\t<div class=\"elementor-element elementor-element-9ae4684 jltma-glass-effect-no elementor-repeater-item-none elementor-repeater-item-none_hover elementor-widget elementor-widget-heading\" data-id=\"9ae4684\" data-element_type=\"widget\" data-e-type=\"widget\" data-widget_type=\"heading.default\">\n\t\t\t\t<div class=\"elementor-widget-container\">\n\t\t\t\t\t<h2 class=\"elementor-heading-title elementor-size-default\">Logiciel<\/h2>\t\t\t\t<\/div>\n\t\t\t\t<\/div>\n\t\t\t\t<div class=\"elementor-element elementor-element-8e657f7 jltma-glass-effect-no elementor-repeater-item-none elementor-repeater-item-none_hover elementor-widget elementor-widget-heading\" data-id=\"8e657f7\" data-element_type=\"widget\" data-e-type=\"widget\" data-widget_type=\"heading.default\">\n\t\t\t\t<div class=\"elementor-widget-container\">\n\t\t\t\t\t<h1 class=\"elementor-heading-title elementor-size-default\">FAUTEUIL ROTATOIRE<\/h1>\t\t\t\t<\/div>\n\t\t\t\t<\/div>\n\t\t\t\t<div class=\"elementor-element elementor-element-39f138f elementor-widget-mobile__width-initial elementor-widget-divider--view-line jltma-glass-effect-no elementor-repeater-item-none elementor-repeater-item-none_hover elementor-widget elementor-widget-divider\" data-id=\"39f138f\" data-element_type=\"widget\" data-e-type=\"widget\" data-widget_type=\"divider.default\">\n\t\t\t\t<div class=\"elementor-widget-container\">\n\t\t\t\t\t\t\t<div class=\"elementor-divider\">\n\t\t\t<span class=\"elementor-divider-separator\">\n\t\t\t\t\t\t<\/span>\n\t\t<\/div>\n\t\t\t\t\t\t<\/div>\n\t\t\t\t<\/div>\n\t\t\t\t\t<\/div>\n\t\t<\/div>\n\t\t\t\t\t<\/div>\n\t\t<\/section>\n\t\t\t\t<section class=\"elementor-section elementor-top-section elementor-element elementor-element-2c393b3 elementor-section-boxed ang-section-padding-initial elementor-section-height-default elementor-section-height-default elementor-repeater-item-none elementor-repeater-item-none_hover jltma-glass-effect-no\" data-id=\"2c393b3\" data-element_type=\"section\" data-e-type=\"section\">\n\t\t\t\t\t\t<div class=\"elementor-container elementor-column-gap-default\">\n\t\t\t\t\t<div class=\"elementor-column elementor-col-50 elementor-top-column elementor-element elementor-element-440799b elementor-repeater-item-none elementor-repeater-item-none_hover jltma-glass-effect-no\" data-id=\"440799b\" data-element_type=\"column\" data-e-type=\"column\">\n\t\t\t<div class=\"elementor-widget-wrap elementor-element-populated\">\n\t\t\t\t\t\t<div class=\"elementor-element elementor-element-2510e8a animated-slow elementor-widget-tablet__width-initial elementor-widget-mobile__width-initial jltma-glass-effect-no elementor-repeater-item-none elementor-repeater-item-none_hover elementor-invisible elementor-widget elementor-widget-text-editor\" data-id=\"2510e8a\" data-element_type=\"widget\" data-e-type=\"widget\" data-settings=\"{&quot;_animation&quot;:&quot;fadeInLeft&quot;}\" data-widget_type=\"text-editor.default\">\n\t\t\t\t<div class=\"elementor-widget-container\">\n\t\t\t\t\t\t\t\t\t<p style=\"text-align: center;\"><span style=\"color: #00ccff;\"><strong>CARACTERISTIQUES<\/strong><\/span><\/p><p style=\"text-align: center;\">Gr\u00e2ce au logiciel Fauteuil Rotatoire, il est possible d\u2019observer la sym\u00e9trie des rotations horaires et anti-horaires du <a href=\"https:\/\/framiral.fr\/web\/frami-fauteuil\/\">Frami-Fauteuil<\/a>.<\/p><p style=\"text-align: center;\">Le logiciel permet \u00e9galement d\u2019un simple clic, d\u2019imprimer un rapport PDF r\u00e9capitulatif des diff\u00e9rents mouvements effectu\u00e9s, et aussi d\u2019enregistrer la s\u00e9ance via <a title=\"FramiGest\" href=\"https:\/\/framiral.fr\/web\/framigest\/\">FramiGest<\/a>, pour assurer la tra\u00e7abilit\u00e9.<\/p>\t\t\t\t\t\t\t\t<\/div>\n\t\t\t\t<\/div>\n\t\t\t\t<div class=\"elementor-element elementor-element-4f058c0 elementor-widget-tablet__width-initial elementor-align-center jltma-glass-effect-no elementor-repeater-item-none elementor-repeater-item-none_hover elementor-widget elementor-widget-button\" data-id=\"4f058c0\" data-element_type=\"widget\" data-e-type=\"widget\" data-widget_type=\"button.default\">\n\t\t\t\t<div class=\"elementor-widget-container\">\n\t\t\t\t\t\t\t\t\t<div class=\"elementor-button-wrapper\">\n\t\t\t\t\t<a class=\"elementor-button elementor-button-link elementor-size-sm\" href=\"https:\/\/framiral.fr\/web\/wp-content\/uploads\/2024\/03\/PL_FR-Plaquette_fauteuil-rev022.4.pdf\" target=\"_blank\">\n\t\t\t\t\t\t<span class=\"elementor-button-content-wrapper\">\n\t\t\t\t\t\t\t\t\t<span class=\"elementor-button-text\">Brochure commerciale<\/span>\n\t\t\t\t\t<\/span>\n\t\t\t\t\t<\/a>\n\t\t\t\t<\/div>\n\t\t\t\t\t\t\t\t<\/div>\n\t\t\t\t<\/div>\n\t\t\t\t<div class=\"elementor-element elementor-element-4fa5029 elementor-widget-mobile__width-initial elementor-align-center jltma-glass-effect-no elementor-repeater-item-none elementor-repeater-item-none_hover elementor-widget elementor-widget-button\" data-id=\"4fa5029\" data-element_type=\"widget\" data-e-type=\"widget\" data-widget_type=\"button.default\">\n\t\t\t\t<div class=\"elementor-widget-container\">\n\t\t\t\t\t\t\t\t\t<div class=\"elementor-button-wrapper\">\n\t\t\t\t\t<a class=\"elementor-button elementor-button-link elementor-size-sm\" href=\"https:\/\/framiral.fr\/web\/wp-content\/uploads\/2022\/02\/MU_FR-Manuel_Utilisateur-Logiciel_Fauteuil-rev007.pdf\" target=\"_blank\">\n\t\t\t\t\t\t<span class=\"elementor-button-content-wrapper\">\n\t\t\t\t\t\t\t\t\t<span class=\"elementor-button-text\">Manuel d'utilisation<\/span>\n\t\t\t\t\t<\/span>\n\t\t\t\t\t<\/a>\n\t\t\t\t<\/div>\n\t\t\t\t\t\t\t\t<\/div>\n\t\t\t\t<\/div>\n\t\t\t\t\t<\/div>\n\t\t<\/div>\n\t\t\t\t<div class=\"elementor-column elementor-col-50 elementor-top-column elementor-element elementor-element-3bc4c93 elementor-repeater-item-none elementor-repeater-item-none_hover jltma-glass-effect-no\" data-id=\"3bc4c93\" data-element_type=\"column\" data-e-type=\"column\">\n\t\t\t<div class=\"elementor-widget-wrap elementor-element-populated\">\n\t\t\t\t\t\t<div class=\"elementor-element elementor-element-4337168 animated-slow external_elementor-repeater-item-none_external jltma-glass-effect-no elementor-repeater-item-none elementor-repeater-item-none_hover elementor-invisible elementor-widget elementor-widget-image\" data-id=\"4337168\" data-element_type=\"widget\" data-e-type=\"widget\" data-settings=\"{&quot;_animation&quot;:&quot;zoomIn&quot;}\" data-widget_type=\"image.default\">\n\t\t\t\t<div class=\"elementor-widget-container\">\n\t\t\t\t\t\t\t\t\t\t\t\t<figure class=\"wp-caption\">\n\t\t\t\t\t\t\t\t\t\t<img fetchpriority=\"high\" decoding=\"async\" width=\"800\" height=\"579\" src=\"https:\/\/framiral.fr\/web\/wp-content\/uploads\/2022\/02\/fauteuil_logiciel.png\" class=\"attachment-large size-large wp-image-3117\" alt=\"Logiciel fauteuil rotatoire\" srcset=\"https:\/\/framiral.fr\/web\/wp-content\/uploads\/2022\/02\/fauteuil_logiciel.png 1012w, https:\/\/framiral.fr\/web\/wp-content\/uploads\/2022\/02\/fauteuil_logiciel-300x217.png 300w, https:\/\/framiral.fr\/web\/wp-content\/uploads\/2022\/02\/fauteuil_logiciel-768x556.png 768w\" sizes=\"(max-width: 800px) 100vw, 800px\" \/>\t\t\t\t\t\t\t\t\t\t\t<figcaption class=\"widget-image-caption wp-caption-text\">Logiciel Fauteuil Rotatoire<\/figcaption>\n\t\t\t\t\t\t\t\t\t\t<\/figure>\n\t\t\t\t\t\t\t\t\t<\/div>\n\t\t\t\t<\/div>\n\t\t\t\t\t<\/div>\n\t\t<\/div>\n\t\t\t\t\t<\/div>\n\t\t<\/section>\n\t\t\t\t<section class=\"elementor-section elementor-top-section elementor-element elementor-element-8a56125 elementor-section-boxed ang-section-padding-initial elementor-section-height-default elementor-section-height-default elementor-repeater-item-none elementor-repeater-item-none_hover jltma-glass-effect-no\" data-id=\"8a56125\" data-element_type=\"section\" data-e-type=\"section\">\n\t\t\t\t\t\t<div class=\"elementor-container elementor-column-gap-default\">\n\t\t\t\t\t<div class=\"elementor-column elementor-col-100 elementor-top-column elementor-element elementor-element-b0e2a93 elementor-repeater-item-none elementor-repeater-item-none_hover jltma-glass-effect-no\" data-id=\"b0e2a93\" data-element_type=\"column\" data-e-type=\"column\">\n\t\t\t<div class=\"elementor-widget-wrap elementor-element-populated\">\n\t\t\t\t\t\t<div class=\"elementor-element elementor-element-ddf641f jltma-glass-effect-no elementor-repeater-item-none elementor-repeater-item-none_hover elementor-widget elementor-widget-spacer\" data-id=\"ddf641f\" data-element_type=\"widget\" data-e-type=\"widget\" data-widget_type=\"spacer.default\">\n\t\t\t\t<div class=\"elementor-widget-container\">\n\t\t\t\t\t\t\t<div class=\"elementor-spacer\">\n\t\t\t<div class=\"elementor-spacer-inner\"><\/div>\n\t\t<\/div>\n\t\t\t\t\t\t<\/div>\n\t\t\t\t<\/div>\n\t\t\t\t<div class=\"elementor-element elementor-element-c080c87 elementor-widget-mobile__width-initial elementor-widget-divider--view-line jltma-glass-effect-no elementor-repeater-item-none elementor-repeater-item-none_hover elementor-widget elementor-widget-divider\" data-id=\"c080c87\" data-element_type=\"widget\" data-e-type=\"widget\" data-widget_type=\"divider.default\">\n\t\t\t\t<div class=\"elementor-widget-container\">\n\t\t\t\t\t\t\t<div class=\"elementor-divider\">\n\t\t\t<span class=\"elementor-divider-separator\">\n\t\t\t\t\t\t<\/span>\n\t\t<\/div>\n\t\t\t\t\t\t<\/div>\n\t\t\t\t<\/div>\n\t\t\t\t\t<\/div>\n\t\t<\/div>\n\t\t\t\t\t<\/div>\n\t\t<\/section>\n\t\t\t\t<section class=\"elementor-section elementor-top-section elementor-element elementor-element-47acfee elementor-section-boxed ang-section-padding-initial elementor-section-height-default elementor-section-height-default elementor-repeater-item-none elementor-repeater-item-none_hover jltma-glass-effect-no\" data-id=\"47acfee\" data-element_type=\"section\" data-e-type=\"section\">\n\t\t\t\t\t\t<div class=\"elementor-container elementor-column-gap-default\">\n\t\t\t\t\t<div class=\"elementor-column elementor-col-100 elementor-top-column elementor-element elementor-element-42d2091 elementor-repeater-item-none elementor-repeater-item-none_hover jltma-glass-effect-no\" data-id=\"42d2091\" data-element_type=\"column\" data-e-type=\"column\">\n\t\t\t<div class=\"elementor-widget-wrap elementor-element-populated\">\n\t\t\t\t\t\t<div class=\"elementor-element elementor-element-973e158 elementor-widget-mobile__width-initial e-transform jltma-glass-effect-no elementor-repeater-item-none elementor-repeater-item-none_hover elementor-invisible elementor-widget elementor-widget-heading\" data-id=\"973e158\" data-element_type=\"widget\" data-e-type=\"widget\" data-settings=\"{&quot;_animation&quot;:&quot;zoomIn&quot;,&quot;_transform_scale_effect&quot;:{&quot;unit&quot;:&quot;px&quot;,&quot;size&quot;:1.4,&quot;sizes&quot;:[]},&quot;_transform_scale_effect_tablet&quot;:{&quot;unit&quot;:&quot;px&quot;,&quot;size&quot;:&quot;&quot;,&quot;sizes&quot;:[]},&quot;_transform_scale_effect_mobile&quot;:{&quot;unit&quot;:&quot;px&quot;,&quot;size&quot;:&quot;&quot;,&quot;sizes&quot;:[]}}\" data-widget_type=\"heading.default\">\n\t\t\t\t<div class=\"elementor-widget-container\">\n\t\t\t\t\t<h3 class=\"elementor-heading-title elementor-size-default\">LOGICIEL FAUTEUIL ROTATOIRE AUSSI SUR YOUTUBE<\/h3>\t\t\t\t<\/div>\n\t\t\t\t<\/div>\n\t\t\t\t\t<\/div>\n\t\t<\/div>\n\t\t\t\t\t<\/div>\n\t\t<\/section>\n\t\t\t\t<section class=\"elementor-section elementor-top-section elementor-element elementor-element-29e1d1b elementor-section-boxed ang-section-padding-initial elementor-section-height-default elementor-section-height-default elementor-repeater-item-none elementor-repeater-item-none_hover jltma-glass-effect-no\" data-id=\"29e1d1b\" data-element_type=\"section\" data-e-type=\"section\">\n\t\t\t\t\t\t<div class=\"elementor-container elementor-column-gap-default\">\n\t\t\t\t\t<div class=\"elementor-column elementor-col-50 elementor-top-column elementor-element elementor-element-c440d3b elementor-repeater-item-none elementor-repeater-item-none_hover jltma-glass-effect-no\" data-id=\"c440d3b\" data-element_type=\"column\" data-e-type=\"column\">\n\t\t\t<div class=\"elementor-widget-wrap elementor-element-populated\">\n\t\t\t\t\t\t<div class=\"elementor-element elementor-element-96c1af4 jltma-glass-effect-no elementor-repeater-item-none elementor-repeater-item-none_hover elementor-widget elementor-widget-text-editor\" data-id=\"96c1af4\" data-element_type=\"widget\" data-e-type=\"widget\" data-widget_type=\"text-editor.default\">\n\t\t\t\t<div class=\"elementor-widget-container\">\n\t\t\t\t\t\t\t\t\t<p style=\"text-align: center;\">Bienvenue sur la page d\u00e9di\u00e9e \u00e0 l\u2019accompagnement de votre\u00a0<strong data-start=\"293\" data-end=\"307\">Frami-fauteuil<\/strong>.<\/p><p class=\"\" style=\"text-align: center;\" data-start=\"236\" data-end=\"514\">Dans cette vid\u00e9o :<\/p><h4 class=\"\" style=\"text-align: center;\" data-start=\"516\" data-end=\"548\">\ud83d\udd27\u00a0Installation pas \u00e0 pas<\/h4><h4 class=\"\" style=\"text-align: center;\" data-start=\"792\" data-end=\"829\">\ud83e\udded\u00a0Prise en main de l\u2019appareil<\/h4><p style=\"text-align: center;\" data-start=\"1083\" data-end=\"1230\"><em>Pour assurer une installation efficace et \u00e9viter les dysfonctionnements, nous soulignons \u00e9galement les erreurs fr\u00e9quemment rencontr\u00e9es, notamment :<\/em><\/p><p style=\"text-align: center;\" data-start=\"1233\" data-end=\"1283\"><em>Le non-respect de l\u2019ordre d\u2019assemblage recommand\u00e9,<\/em><\/p><p style=\"text-align: center;\" data-start=\"1286\" data-end=\"1326\"><em>Une alimentation incorrecte ou instable,<\/em><\/p><p style=\"text-align: center;\" data-start=\"1329\" data-end=\"1413\"><em>L\u2019omission de certaines v\u00e9rifications pr\u00e9alables (calibrage, fixations, connexions),<\/em><\/p><p style=\"text-align: center;\" data-start=\"1416\" data-end=\"1477\"><em>L\u2019utilisation de composants non compatibles ou non certifi\u00e9s.<\/em><\/p><p style=\"text-align: center;\" data-start=\"1479\" data-end=\"1623\"><em>Nous vous invitons \u00e0 pr\u00eater une attention particuli\u00e8re \u00e0 ces points afin de garantir le bon fonctionnement et la durabilit\u00e9 de votre Fauteuil.<\/em><\/p>\t\t\t\t\t\t\t\t<\/div>\n\t\t\t\t<\/div>\n\t\t\t\t\t<\/div>\n\t\t<\/div>\n\t\t\t\t<div class=\"elementor-column elementor-col-50 elementor-top-column elementor-element elementor-element-5c6c60f elementor-repeater-item-none elementor-repeater-item-none_hover jltma-glass-effect-no\" data-id=\"5c6c60f\" data-element_type=\"column\" data-e-type=\"column\">\n\t\t\t<div class=\"elementor-widget-wrap elementor-element-populated\">\n\t\t\t\t\t\t<div class=\"elementor-element elementor-element-754c2e3 jltma-glass-effect-no elementor-repeater-item-none elementor-repeater-item-none_hover elementor-widget elementor-widget-video\" data-id=\"754c2e3\" data-element_type=\"widget\" data-e-type=\"widget\" data-settings=\"{&quot;youtube_url&quot;:&quot;https:\\\/\\\/youtu.be\\\/q_wPxUYyUgI?si=8F1DMRiuWKgX1Tm0&quot;,&quot;video_type&quot;:&quot;youtube&quot;,&quot;controls&quot;:&quot;yes&quot;}\" data-widget_type=\"video.default\">\n\t\t\t\t<div class=\"elementor-widget-container\">\n\t\t\t\t\t\t\t<div class=\"elementor-wrapper elementor-open-inline\">\n\t\t\t<div class=\"elementor-video\"><\/div>\t\t<\/div>\n\t\t\t\t\t\t<\/div>\n\t\t\t\t<\/div>\n\t\t\t\t<div class=\"elementor-element elementor-element-920f672 jltma-glass-effect-no elementor-repeater-item-none elementor-repeater-item-none_hover elementor-widget elementor-widget-copyright\" data-id=\"920f672\" data-element_type=\"widget\" data-e-type=\"widget\" data-widget_type=\"copyright.default\">\n\t\t\t\t<div class=\"elementor-widget-container\">\n\t\t\t\t\t\t\t<div class=\"hfe-copyright-wrapper\">\n\t\t\t\t\t\t\t<span>Copyright \u00a9 2026 Framiral | Propuls\u00e9 par Framiral<\/span>\n\t\t\t\t\t<\/div>\n\t\t\t\t\t\t<\/div>\n\t\t\t\t<\/div>\n\t\t\t\t<div class=\"elementor-element elementor-element-daea992 jltma-glass-effect-no elementor-repeater-item-none elementor-repeater-item-none_hover elementor-widget elementor-widget-spacer\" data-id=\"daea992\" data-element_type=\"widget\" data-e-type=\"widget\" data-widget_type=\"spacer.default\">\n\t\t\t\t<div class=\"elementor-widget-container\">\n\t\t\t\t\t\t\t<div class=\"elementor-spacer\">\n\t\t\t<div class=\"elementor-spacer-inner\"><\/div>\n\t\t<\/div>\n\t\t\t\t\t\t<\/div>\n\t\t\t\t<\/div>\n\t\t\t\t<div class=\"elementor-element elementor-element-afb0c6d jltma-glass-effect-no elementor-repeater-item-none elementor-repeater-item-none_hover elementor-widget elementor-widget-text-editor\" data-id=\"afb0c6d\" data-element_type=\"widget\" data-e-type=\"widget\" data-widget_type=\"text-editor.default\">\n\t\t\t\t<div class=\"elementor-widget-container\">\n\t\t\t\t\t\t\t\t\t<p style=\"text-align: center;\"><a href=\"https:\/\/www.youtube.com\/@FRAMIRAL-x9k?sub_confirmation=1\" target=\"_blank\" rel=\"noopener\">FRAMIRAL sur YouTube<\/a><\/p>\t\t\t\t\t\t\t\t<\/div>\n\t\t\t\t<\/div>\n\t\t\t\t\t<\/div>\n\t\t<\/div>\n\t\t\t\t\t<\/div>\n\t\t<\/section>\n\t\t\t\t<section class=\"elementor-section elementor-top-section elementor-element elementor-element-359cdf4 elementor-section-boxed ang-section-padding-initial elementor-section-height-default elementor-section-height-default elementor-repeater-item-none elementor-repeater-item-none_hover jltma-glass-effect-no\" data-id=\"359cdf4\" data-element_type=\"section\" data-e-type=\"section\" data-settings=\"{&quot;background_background&quot;:&quot;classic&quot;}\">\n\t\t\t\t\t\t<div class=\"elementor-container elementor-column-gap-default\">\n\t\t\t\t\t<div class=\"elementor-column elementor-col-100 elementor-top-column elementor-element elementor-element-86374f9 elementor-repeater-item-none elementor-repeater-item-none_hover jltma-glass-effect-no\" data-id=\"86374f9\" data-element_type=\"column\" data-e-type=\"column\">\n\t\t\t<div class=\"elementor-widget-wrap\">\n\t\t\t\t\t\t\t<\/div>\n\t\t<\/div>\n\t\t\t\t\t<\/div>\n\t\t<\/section>\n\t\t\t\t<\/div>\n\t\t","protected":false},"excerpt":{"rendered":"<p>Logiciel FAUTEUIL ROTATOIRE CARACTERISTIQUES Gr\u00e2ce au logiciel Fauteuil Rotatoire, il est possible d\u2019observer la sym\u00e9trie des rotations horaires et anti-horaires du Frami-Fauteuil. Le logiciel permet \u00e9galement d\u2019un simple clic, d\u2019imprimer [&hellip;]<\/p>\n","protected":false},"author":1,"featured_media":0,"parent":0,"menu_order":0,"comment_status":"closed","ping_status":"closed","template":"","meta":{"footnotes":""},"class_list":["post-99","page","type-page","status-publish","hentry"],"_links":{"self":[{"href":"https:\/\/framiral.fr\/web\/wp-json\/wp\/v2\/pages\/99","targetHints":{"allow":["GET"]}}],"collection":[{"href":"https:\/\/framiral.fr\/web\/wp-json\/wp\/v2\/pages"}],"about":[{"href":"https:\/\/framiral.fr\/web\/wp-json\/wp\/v2\/types\/page"}],"author":[{"embeddable":true,"href":"https:\/\/framiral.fr\/web\/wp-json\/wp\/v2\/users\/1"}],"replies":[{"embeddable":true,"href":"https:\/\/framiral.fr\/web\/wp-json\/wp\/v2\/comments?post=99"}],"version-history":[{"count":13,"href":"https:\/\/framiral.fr\/web\/wp-json\/wp\/v2\/pages\/99\/revisions"}],"predecessor-version":[{"id":16642,"href":"https:\/\/framiral.fr\/web\/wp-json\/wp\/v2\/pages\/99\/revisions\/16642"}],"wp:attachment":[{"href":"https:\/\/framiral.fr\/web\/wp-json\/wp\/v2\/media?parent=99"}],"curies":[{"name":"wp","href":"https:\/\/api.w.org\/{rel}","templated":true}]}}